{"id":19,"date":"2015-10-03T21:33:57","date_gmt":"2015-10-03T19:33:57","guid":{"rendered":"http:\/\/www.sv-gutsmuths-jena.de\/mobile\/?page_id=19"},"modified":"2020-03-09T09:06:07","modified_gmt":"2020-03-09T08:06:07","slug":"termine","status":"publish","type":"page","link":"https:\/\/www.sv-gutsmuths-jena.de\/badminton-jena\/termine\/","title":{"rendered":"Termine"},"content":{"rendered":"<div class=\"wpb-content-wrapper\"><div class=\"vc_row wpb_row vc_row-fluid\"><div class=\"wpb_column vc_column_container vc_col-sm-12\"><div class=\"vc_column-inner\"><div class=\"wpb_wrapper\"><div id=\"ts-vcsc-textillate-9258683\" class=\"ts-textillate   \" data-loop=\"false\" data-mobile=\"false\"data-delay=\"100\" data-in-effect=\"ts-composer-css-bounce\" data-in-sync=\"false\" data-in-shuffle=\"false\" data-in-reverse=\"false\"  style=\"font-family: Cabin Condensed; color: #e8ca35 !important; font-size: 22px; line-height: 22px; font-weight: inherit; text-align: center; margin-top: 0px; margin-bottom: 25px;\">Monats\u00fcbersicht \/ Wettkampf \/ Termine \/ Ausrichter<\/div><\/div><\/div><\/div><\/div><div class=\"vc_row wpb_row vc_row-fluid\"><div class=\"wpb_column vc_column_container vc_col-sm-8\"><div class=\"vc_column-inner\"><div class=\"wpb_wrapper\">\n\t<div class=\"wpb_text_column wpb_content_element \" >\n\t\t<div class=\"wpb_wrapper\">\n\t\t\t<p style=\"text-align: justify;\">Unter <a href=\"https:\/\/turniere.badminton.de\/\" target=\"_blank\" rel=\"noopener noreferrer\">https:\/\/turniere.badminton.de\/<\/a> findet ihr alle Turniere des DBV aller Ebenen von A-Ranglisten bis E-Ranglisten in allen Landesverb\u00e4nden. Ihr m\u00fcsst in den Bedienfeldern nur die gew\u00fcnschten Filter setzen. Wer also den Besuch eines Turniers au\u00dferhalb Th\u00fcringens plant, bekommt seine Infos dort.<\/p>\n<p>Dies sind:<\/p>\n<ul>\n<li>Datum<\/li>\n<li>Kategorie<\/li>\n<li>Ort<\/li>\n<li>Ausschreibung<\/li>\n<li>Turnierlink (f\u00fcr Onlinemeldung)<\/li>\n<\/ul>\n\n\t\t<\/div>\n\t<\/div>\n<\/div><\/div><\/div><div class=\"wpb_column vc_column_container vc_col-sm-4\"><div class=\"vc_column-inner\"><div class=\"wpb_wrapper\">\n\t<div class=\"wpb_text_column wpb_content_element \" >\n\t\t<div class=\"wpb_wrapper\">\n\t\t\t<p style=\"text-align: left;\">Bekanntgabe von Nachwuchsturnieren des Th\u00fcringer Badminton Verbandes e.V. f\u00fcr das Jahr 2020.<br \/>\n(PDF anklicken) &#8211; Stand 04.01.2020<\/p>\n\n\t\t<\/div>\n\t<\/div>\n\n\t<div class=\"wpb_text_column wpb_content_element \" >\n\t\t<div class=\"wpb_wrapper\">\n\t\t\t<p style=\"text-align: center;\"><a href=\"https:\/\/www.sv-gutsmuths-jena.de\/badminton-jena\/wp-content\/uploads\/sites\/4\/2020\/01\/Ausrichterbekanntgabe_20.pdf\" target=\"_blank\" rel=\"noopener noreferrer\"><img loading=\"lazy\" decoding=\"async\" class=\"alignnone wp-image-8177\" src=\"https:\/\/www.sv-gutsmuths-jena.de\/badminton-jena\/wp-content\/uploads\/sites\/4\/2020\/01\/pdf.png\" alt=\"\" width=\"124\" height=\"124\" srcset=\"https:\/\/www.sv-gutsmuths-jena.de\/badminton-jena\/wp-content\/uploads\/sites\/4\/2020\/01\/pdf.png 256w, https:\/\/www.sv-gutsmuths-jena.de\/badminton-jena\/wp-content\/uploads\/sites\/4\/2020\/01\/pdf-150x150.png 150w\" sizes=\"auto, (max-width: 124px) 100vw, 124px\" \/><\/a><\/p>\n\n\t\t<\/div>\n\t<\/div>\n<\/div><\/div><\/div><\/div><div class=\"vc_row wpb_row vc_row-fluid\"><div class=\"wpb_column vc_column_container vc_col-sm-12\"><div class=\"vc_column-inner\"><div class=\"wpb_wrapper\"><div class=\"vc_separator wpb_content_element vc_separator_align_center vc_sep_width_100 vc_sep_pos_align_center vc_separator_no_text vc_sep_color_sky wpb_content_element  wpb_content_element\" ><span class=\"vc_sep_holder vc_sep_holder_l\"><span class=\"vc_sep_line\"><\/span><\/span><span class=\"vc_sep_holder vc_sep_holder_r\"><span class=\"vc_sep_line\"><\/span><\/span>\n<\/div>\n\t<div class=\"wpb_text_column wpb_content_element \" >\n\t\t<div class=\"wpb_wrapper\">\n\t\t\t<p><a href=\"https:\/\/www.badminton.de\/der-dbv\/jugend-wettkampf\/ranglistentabelle\/\" target=\"_blank\" rel=\"noopener noreferrer\"><span style=\"font-size: 16px;\">DBV-JUGENDRANGLISTE<\/span><\/a><\/p>\n\n\t\t<\/div>\n\t<\/div>\n<div class=\"vc_separator wpb_content_element vc_separator_align_center vc_sep_width_100 vc_sep_pos_align_center vc_separator_no_text vc_sep_color_sky wpb_content_element  wpb_content_element\" ><span class=\"vc_sep_holder vc_sep_holder_l\"><span class=\"vc_sep_line\"><\/span><\/span><span class=\"vc_sep_holder vc_sep_holder_r\"><span class=\"vc_sep_line\"><\/span><\/span>\n<\/div><\/div><\/div><\/div><\/div><div class=\"vc_row wpb_row vc_row-fluid\"><div class=\"wpb_column vc_column_container vc_col-sm-12\"><div class=\"vc_column-inner\"><div class=\"wpb_wrapper\">\n\t<div class=\"wpb_text_column wpb_content_element \" >\n\t\t<div class=\"wpb_wrapper\">\n\t\t\t<p>[qemcalendar]<\/p>\n<p>[qem]<\/p>\n\n\t\t<\/div>\n\t<\/div>\n<\/div><\/div><\/div><\/div>\n<\/div>","protected":false},"excerpt":{"rendered":"<p>Monats\u00fcbersicht \/ Wettkampf \/ Termine \/ Ausrichter Unter https:\/\/turniere.badminton.de\/ findet ihr alle Turniere des DBV aller Ebenen von A-Ranglisten bis E-Ranglisten in allen Landesverb\u00e4nden. Ihr m\u00fcsst in den Bedienfeldern nur die gew\u00fcnschten Filter setzen. Wer also den Besuch eines Turniers au\u00dferhalb Th\u00fcringens plant, bekommt seine Infos dort. Dies sind: Datum Kategorie Ort Ausschreibung Turnierlink (f\u00fcr&hellip;<\/p>\n","protected":false},"author":1,"featured_media":0,"parent":0,"menu_order":0,"comment_status":"closed","ping_status":"closed","template":"","meta":{"footnotes":""},"class_list":["post-19","page","type-page","status-publish","hentry","description-off"],"_links":{"self":[{"href":"https:\/\/www.sv-gutsmuths-jena.de\/badminton-jena\/wp-json\/wp\/v2\/pages\/19","targetHints":{"allow":["GET"]}}],"collection":[{"href":"https:\/\/www.sv-gutsmuths-jena.de\/badminton-jena\/wp-json\/wp\/v2\/pages"}],"about":[{"href":"https:\/\/www.sv-gutsmuths-jena.de\/badminton-jena\/wp-json\/wp\/v2\/types\/page"}],"author":[{"embeddable":true,"href":"https:\/\/www.sv-gutsmuths-jena.de\/badminton-jena\/wp-json\/wp\/v2\/users\/1"}],"replies":[{"embeddable":true,"href":"https:\/\/www.sv-gutsmuths-jena.de\/badminton-jena\/wp-json\/wp\/v2\/comments?post=19"}],"version-history":[{"count":0,"href":"https:\/\/www.sv-gutsmuths-jena.de\/badminton-jena\/wp-json\/wp\/v2\/pages\/19\/revisions"}],"wp:attachment":[{"href":"https:\/\/www.sv-gutsmuths-jena.de\/badminton-jena\/wp-json\/wp\/v2\/media?parent=19"}],"curies":[{"name":"wp","href":"https:\/\/api.w.org\/{rel}","templated":true}]}}