{"id":293,"date":"2015-10-15T22:44:12","date_gmt":"2015-10-15T20:44:12","guid":{"rendered":"http:\/\/www.sv-gutsmuths-jena.de\/mobile1\/?page_id=293"},"modified":"2019-12-02T17:42:08","modified_gmt":"2019-12-02T16:42:08","slug":"sportgymnasium","status":"publish","type":"page","link":"https:\/\/www.sv-gutsmuths-jena.de\/badminton-jena\/sportgymnasium\/","title":{"rendered":"Sportgymnasium"},"content":{"rendered":"<div class=\"wpb-content-wrapper\"><div class=\"vc_row wpb_row vc_row-fluid\"><div class=\"wpb_column vc_column_container vc_col-sm-12\"><div class=\"vc_column-inner\"><div class=\"wpb_wrapper\"><blockquote class=\"text-big zoomIn animate-element shortcode-blockquote\"><p><span style=\"font-size: 18px;\">Sportgymnasium Jena \u2013 Landesleistungszentrum des TBV<\/span><\/p>\n<\/blockquote><div class=\"vc_empty_space\"   style=\"height: 20px\"><span class=\"vc_empty_space_inner\"><\/span><\/div><\/div><\/div><\/div><\/div><div class=\"vc_row wpb_row vc_row-fluid\"><div class=\"wpb_column vc_column_container vc_col-sm-12\"><div class=\"vc_column-inner\"><div class=\"wpb_wrapper\">\n\t<div class=\"wpb_text_column wpb_content_element \" >\n\t\t<div class=\"wpb_wrapper\">\n\t\t\t<div class=\"themify_builder_row module_row module_row_0 clearfix gutter-default wow animated\" data-gutter=\"gutter-default\">\n<div class=\"row_inner_wrapper\">\n<div class=\"row_inner\">\n<div class=\"col-full first tb-column\">\n<div id=\"text-708-0-0-0\" class=\"module module-text text-708-0-0-0 \">\n<p style=\"text-align: justify;\">Das GutsMuths-Sportgymnasium Jena hat die Aufgabe, sporttalentierte Sch\u00fcler schulisch auszubilden und in ihrer jeweiligen Sportart zu f\u00f6rdern. Die Rahmenbedingungen an unserem Sportgymnasium geben der schulischen und sportlichen Ausbildung einen gleichwertigen Stellenwert. \u00dcber 300 sportlich begabte M\u00e4dchen und Jungen der 5. bis 12. Klasse lernen und trainieren zur Zeit an unserer Einrichtung in den Sportarten Badminton, Leichtathletik, Fu\u00dfball, Judo, Ringen, Fechten, Basketball, Bogenschie\u00dfen, Badminton geh\u00f6rt seit 1993 dazu.<br \/>\nAls gr\u00f6\u00dfte Erfolge k\u00f6nnen wir mehrere Bundessiege beim Bundesfinale der Schulen \u201eJugend trainiert f\u00fcr Olympia\u201c, Medaillen bei inoffizielle Europameisterschaften, Turniersiege bei Internationalen Turnieren, mehrere Deutsche- und S\u00fcdwestdeutsche Meistertitel verzeichnen. Unsere Sportler k\u00f6nnen unter sehr guten Bedingungen trainieren und werden von qualifizierten Trainern und P\u00e4dagogen betreut. An unserer Sportschule hat man die M\u00f6glichkeit das Abitur sowie den Realschulabschluss zu erlangen.<\/p>\n<p style=\"text-align: justify;\">F\u00fcr das Gymnasium werden Sch\u00fcler ab der Klassenstufe 5, f\u00fcr den Realschulteil ab der Klassenstufe 7 aufgenommen. Im angrenzenden und 2010 neu sanierten Internat wohnen Sch\u00fcler ab der Klassenstufe 7, die von au\u00dferhalb kommen, in gem\u00fctlichen Zweibettzimmern.<\/p>\n<\/div>\n<\/div>\n<\/div>\n<\/div>\n<\/div>\n<div class=\"themify_builder_row module_row module_row_1 clearfix gutter-default wow animated\" data-gutter=\"gutter-default\">\n<div class=\"row_inner_wrapper\">\n<div class=\"row_inner\">\n<div class=\"col4-2 first tb-column\">\n<div id=\"text-708-1-0-0\" class=\"module module-text text-708-1-0-0 \">\n<p style=\"text-align: justify;\">Dort werden sie rund um die Uhr von Erziehern umsorgt. Im Internatsgeb\u00e4ude befindet sich eine Sauna und eine Sportmedizinische Abteilung mit einer angegliederten Physiotherapie.<\/p>\n<p style=\"text-align: justify;\">F\u00fcr die Verpflegung sorgt eine schuleigene K\u00fcche.<\/p>\n<\/div>\n<\/div>\n<\/div>\n<\/div>\n<\/div>\n\n\t\t<\/div>\n\t<\/div>\n<div class=\"vc_empty_space\"   style=\"height: 20px\"><span class=\"vc_empty_space_inner\"><\/span><\/div><div class=\"dt-fancy-separator text-big accent-title-color\" style=\"width: 100%;\"><div class=\"dt-fancy-title\"><span class=\"separator-holder separator-left\"><\/span>Badminton am SPORTGYMNASIUM JENA<span class=\"separator-holder separator-right\"><\/span><\/div><\/div><div class=\"vc_empty_space\"   style=\"height: 20px\"><span class=\"vc_empty_space_inner\"><\/span><\/div><\/div><\/div><\/div><\/div><div class=\"vc_row wpb_row vc_row-fluid\"><div class=\"wpb_column vc_column_container vc_col-sm-12\"><div class=\"vc_column-inner\"><div class=\"wpb_wrapper\"><div id=\"1445937881705-237d9326-f67d\" class=\"vc_do_toggle vc_toggle vc_toggle_default vc_toggle_color_default  vc_toggle_size_md\"><div class=\"vc_toggle_title\"><h4>Internet<\/h4><i class=\"vc_toggle_icon\"><\/i><\/div><div class=\"vc_toggle_content\"><h3><a href=\"http:\/\/www.sportgymnasium-jena.info\" target=\"_blank\" rel=\"noopener noreferrer\">www.sportgymnasium-jena.info<\/a><\/h3>\n<\/div><\/div><div id=\"1445937943458-17358d6c-45c5\" class=\"vc_do_toggle vc_toggle vc_toggle_default vc_toggle_color_default  vc_toggle_size_md\"><div class=\"vc_toggle_title\"><h4>Schultyp<\/h4><i class=\"vc_toggle_icon\"><\/i><\/div><div class=\"vc_toggle_content\"><h3>Sportgymnasium ab 5. Klasse mit angegliedertem Realschulteil ab 7. Klasse<\/h3>\n<\/div><\/div><div id=\"1445937983965-aeec08e3-7ce7\" class=\"vc_do_toggle vc_toggle vc_toggle_default vc_toggle_color_default  vc_toggle_size_md\"><div class=\"vc_toggle_title\"><h4>Schulprofil<\/h4><i class=\"vc_toggle_icon\"><\/i><\/div><div class=\"vc_toggle_content\"><div id=\"box-708-3-1-2\" class=\"module module-box box-708-3-1-2 \">\n<div class=\"module-box-content ui rounded embossed shadow black \">\n<p><b>Gymnasium<\/b><br \/>\nAufnahme erfolgt ab Klasse 5 oder in eine sp\u00e4tere Klasse, Die Anforderungen im Training und bei Wettk\u00e4mpfen sind in den oberen Klassen sehr hoch. Aus diesem Grund erfolgt gem\u00e4\u00df \u00a7 7 (Abs. 5) Th\u00fcringer Schulgesetz im Abiturbereich eine Schulzeitstreckung um ein Schuljahr.<\/p>\n<p><b>Fremdsprachen:<\/b><br \/>\n1. FS: Englisch,<br \/>\n2. FS: Franz\u00f6sisch, Latein und Russisch.<\/p>\n<p><b>Regelschulklassen<\/b><br \/>\nAufnahme erfolgt in der Klasse 7,8 oder 9. Nach Abschluss ist ggf. ein Wechsel in den Gymnasialteil m\u00f6glich.<\/p>\n<\/div>\n<\/div>\n<\/div><\/div><div id=\"1445938050187-a9d5b608-df1c\" class=\"vc_do_toggle vc_toggle vc_toggle_default vc_toggle_color_default  vc_toggle_size_md\"><div class=\"vc_toggle_title\"><h4>Internat<\/h4><i class=\"vc_toggle_icon\"><\/i><\/div><div class=\"vc_toggle_content\"><div id=\"box-708-3-1-2\" class=\"module module-box box-708-3-1-2 \">\n<div class=\"module-box-content ui rounded embossed shadow black \">\n<div id=\"box-708-4-1-0\" class=\"module module-box box-708-4-1-0 \">\n<div class=\"module-box-content ui rounded embossed shadow black \">\n<p>Die Aufnahme erfolgt ab Klassenstufe 7. Das Internat befindet sich auf dem Schulgel\u00e4nde. Die Unterbringung erfolgt zumeist in Doppelzimmern, vereinzelt sind Einzelzimmer m\u00f6glich.<\/p>\n<p>Kosten monatlich: 235,00 \u20ac f\u00fcr Unterkunft und Vollverpflegung.<\/p>\n<p>Die Verpflegung erfolgt durch eine eigene K\u00fcche.<br \/>\nEinmalige Aufnahmegeb\u00fchr: 50,- \u20ac<\/p>\n<p><b>Im Internat:<\/b><br \/>\nSauna, Fernseh- und Clubr\u00e4ume, W-LAN Bibliothek<\/p>\n<\/div>\n<\/div>\n<\/div>\n<\/div>\n<\/div><\/div><div id=\"1445938099348-f70975f3-de6f\" class=\"vc_do_toggle vc_toggle vc_toggle_default vc_toggle_color_default  vc_toggle_size_md\"><div class=\"vc_toggle_title\"><h4>Training<\/h4><i class=\"vc_toggle_icon\"><\/i><\/div><div class=\"vc_toggle_content\"><div id=\"box-708-3-1-2\" class=\"module module-box box-708-3-1-2 \">\n<div class=\"module-box-content ui rounded embossed shadow black \">\n<div id=\"box-708-4-1-0\" class=\"module module-box box-708-4-1-0 \">\n<div class=\"module-box-content ui rounded embossed shadow black \">\n<div id=\"box-708-5-1-0\" class=\"module module-box box-708-5-1-0 \">\n<div class=\"module-box-content ui rounded embossed shadow black \">\n<p align=\"justify\">In allen Klassenstufen werden 2-6 Stunden Badmintonunterricht pro Woche erteilt (am Vormittag). In enger Zusammenarbeit mit dem Landesfachverband erfolgt am Landesst\u00fctzpunkt (am Sportgymnasium) die weitere sportliche Ausbildung am Nachmittag.<\/p>\n<p align=\"justify\">Hier sind bis zu 15 Stunden Training pro Woche m\u00f6glich.<\/p>\n<\/div>\n<\/div>\n<\/div>\n<\/div>\n<\/div>\n<\/div>\n<\/div><\/div><div id=\"1445938193126-f3f0bbaa-ed9c\" class=\"vc_do_toggle vc_toggle vc_toggle_default vc_toggle_color_default  vc_toggle_size_md\"><div class=\"vc_toggle_title\"><h4>Trainingsorganisation<\/h4><i class=\"vc_toggle_icon\"><\/i><\/div><div class=\"vc_toggle_content\"><div id=\"box-708-3-1-2\" class=\"module module-box box-708-3-1-2 \">\n<div class=\"module-box-content ui rounded embossed shadow black \">\n<div id=\"box-708-4-1-0\" class=\"module module-box box-708-4-1-0 \">\n<div class=\"module-box-content ui rounded embossed shadow black \">\n<div id=\"box-708-5-1-0\" class=\"module module-box box-708-5-1-0 \">\n<div class=\"module-box-content ui rounded embossed shadow black \">\n<div id=\"box-708-6-1-0\" class=\"module module-box box-708-6-1-0 \">\n<div class=\"module-box-content ui rounded embossed shadow black \">\n<p>Die Trainingsorganisation richtet sich nach dem Bausteinsystem f\u00fcr Leistungsbadminton in den entsprechenden Altersklassen. Neben dem Badmintontraining nimmt das Athletiktraining einen wichtigen Stellenwert ein.<\/p>\n<p>Als Trainer arbeiten in den einzelnen Bereichen:<\/p>\n<ul>\n<li>Mathias Jauk<b> <\/b>(A-Trainer, sportlicher Leiter des Landesleistungszentrums) Spezialsport, Training,<\/li>\n<li>J\u00fcrgen Heller (A-Trainer, St\u00fctzpunkttrainer am Landesleistungszentrum) Spezialsport, Training,<\/li>\n<li>Mehrere C-Trainer f\u00fcr Individualtraining<\/li>\n<\/ul>\n<p>Das Training findet in Kleingruppen (Leistungsgruppen) statt und tr\u00e4gt individuellen Charakter.<br \/>\nEs stehen Oberliga-, Regionalliga- und Bundesligaspieler\/innen als Sparringspartner zur Verf\u00fcgung.<\/p>\n<\/div>\n<\/div>\n<\/div>\n<\/div>\n<\/div>\n<\/div>\n<\/div>\n<\/div>\n<\/div><\/div><div class=\"vc_empty_space\"   style=\"height: 20px\"><span class=\"vc_empty_space_inner\"><\/span><\/div><\/div><\/div><\/div><\/div><div class=\"vc_row wpb_row vc_row-fluid\"><div class=\"wpb_column vc_column_container vc_col-sm-12\"><div class=\"vc_column-inner\"><div class=\"wpb_wrapper\">\n<div class=\"vc_grid-container-wrapper vc_clearfix vc_grid-animation-fadeIn\">\n\t<div class=\"vc_grid-container vc_clearfix wpb_content_element vc_media_grid\" data-initial-loading-animation=\"fadeIn\" data-vc-grid-settings=\"{&quot;page_id&quot;:293,&quot;style&quot;:&quot;all&quot;,&quot;action&quot;:&quot;vc_get_vc_grid_data&quot;,&quot;shortcode_id&quot;:&quot;1575304856241-85cf83e7-10f1-2&quot;,&quot;tag&quot;:&quot;vc_media_grid&quot;}\" data-vc-request=\"https:\/\/www.sv-gutsmuths-jena.de\/badminton-jena\/wp-admin\/admin-ajax.php\" data-vc-post-id=\"293\" data-vc-public-nonce=\"469d61a3ae\">\n\t\t\n\t<\/div>\n<\/div><\/div><\/div><\/div><\/div>\n<\/div>","protected":false},"excerpt":{"rendered":"<p>Sportgymnasium Jena \u2013 Landesleistungszentrum des TBV Das GutsMuths-Sportgymnasium Jena hat die Aufgabe, sporttalentierte Sch\u00fcler schulisch auszubilden und in ihrer jeweiligen Sportart zu f\u00f6rdern. Die Rahmenbedingungen an unserem Sportgymnasium geben der schulischen und sportlichen Ausbildung einen gleichwertigen Stellenwert. \u00dcber 300 sportlich begabte M\u00e4dchen und Jungen der 5. bis 12. Klasse lernen und trainieren zur Zeit an&hellip;<\/p>\n","protected":false},"author":1,"featured_media":0,"parent":0,"menu_order":0,"comment_status":"closed","ping_status":"closed","template":"","meta":{"footnotes":""},"class_list":["post-293","page","type-page","status-publish","hentry","description-off"],"_links":{"self":[{"href":"https:\/\/www.sv-gutsmuths-jena.de\/badminton-jena\/wp-json\/wp\/v2\/pages\/293","targetHints":{"allow":["GET"]}}],"collection":[{"href":"https:\/\/www.sv-gutsmuths-jena.de\/badminton-jena\/wp-json\/wp\/v2\/pages"}],"about":[{"href":"https:\/\/www.sv-gutsmuths-jena.de\/badminton-jena\/wp-json\/wp\/v2\/types\/page"}],"author":[{"embeddable":true,"href":"https:\/\/www.sv-gutsmuths-jena.de\/badminton-jena\/wp-json\/wp\/v2\/users\/1"}],"replies":[{"embeddable":true,"href":"https:\/\/www.sv-gutsmuths-jena.de\/badminton-jena\/wp-json\/wp\/v2\/comments?post=293"}],"version-history":[{"count":0,"href":"https:\/\/www.sv-gutsmuths-jena.de\/badminton-jena\/wp-json\/wp\/v2\/pages\/293\/revisions"}],"wp:attachment":[{"href":"https:\/\/www.sv-gutsmuths-jena.de\/badminton-jena\/wp-json\/wp\/v2\/media?parent=293"}],"curies":[{"name":"wp","href":"https:\/\/api.w.org\/{rel}","templated":true}]}}