{"id":8408,"date":"2020-03-29T17:09:15","date_gmt":"2020-03-29T15:09:15","guid":{"rendered":"https:\/\/www.sv-gutsmuths-jena.de\/badminton-jena\/?page_id=8408"},"modified":"2020-05-07T10:01:55","modified_gmt":"2020-05-07T08:01:55","slug":"allgemeines-training","status":"publish","type":"page","link":"https:\/\/www.sv-gutsmuths-jena.de\/badminton-jena\/allgemeines-training\/","title":{"rendered":"Allgemeines Training"},"content":{"rendered":"<div class=\"wpb-content-wrapper\"><div class=\"vc_row wpb_row vc_row-fluid\"><div class=\"wpb_column vc_column_container vc_col-sm-12\"><div class=\"vc_column-inner\"><div class=\"wpb_wrapper\"><div id=\"ts-vcsc-textillate-2148737\" class=\"ts-textillate   \" data-loop=\"false\" data-mobile=\"false\"data-delay=\"100\" data-in-effect=\"ts-composer-css-fadeIn\" data-in-sync=\"false\" data-in-shuffle=\"false\" data-in-reverse=\"false\"  style=\"font-family: Fira Sans Condensed; color: #e8cf61 !important; font-size: 24px; line-height: 24px; font-weight: inherit; text-align: center; margin-top: 0px; margin-bottom: 50px;\">Diverse Trainingsbeispiele f\u00fcr zu Hause<\/div><\/div><\/div><\/div><\/div><div class=\"vc_row wpb_row vc_row-fluid\"><div class=\"wpb_column vc_column_container vc_col-sm-3\"><div class=\"vc_column-inner\"><div class=\"wpb_wrapper\"><\/div><\/div><\/div><div class=\"wpb_column vc_column_container vc_col-sm-9\"><div class=\"vc_column-inner\"><div class=\"wpb_wrapper\"><div  class=\"vc_do_toggle vc_toggle vc_toggle_square vc_toggle_color_sky  vc_toggle_size_lg    wpb_animate_when_almost_visible wpb_fadeIn fadeIn\"><div class=\"vc_toggle_title\"><h4>T\u00e4gliche Sportstunde mit ALBA Berlin<\/h4><i class=\"vc_toggle_icon\"><\/i><\/div><div class=\"vc_toggle_content\"><div><strong>1. T\u00e4gliche Sportstunde mit ALBA Berlin (verschiedene Altersklassen KITA,<br \/>\nGrundschule, Oberschule):<\/strong><\/div>\n<div><\/div>\n<div>T\u00e4glich 3 Sendungen, jede Altersklasse 1x.<\/div>\n<div><\/div>\n<div>\n<table style=\"border-collapse: collapse; width: 82.8452%; height: 17px;\">\n<tbody>\n<tr>\n<td style=\"width: 47.6887%;\"><a href=\"https:\/\/www.youtube.com\/watch?v=q8Rl1VhxXbk&amp;list=PL9H8VPpyaFzOU7WShhUg25QyoIQrt7MSx\" target=\"_blank\" rel=\"noopener noreferrer\"><strong><span style=\"font-size: 18px;\">VIDEOS YOUTUBE-KANAL<\/span><\/strong><\/a><\/td>\n<td style=\"width: 78.4927%;\"><a href=\"https:\/\/www.albaberlin.de\/news\/details\/reaktion-auf-coronavirus-albas-taegliche-digitale-sportstunde-fuer-kinder-und-jugendliche\/\" target=\"_blank\" rel=\"noopener noreferrer\"><strong><span style=\"font-size: 18px;\">AKTION VON ALBA BERLIN<\/span><\/strong><\/a><\/td>\n<\/tr>\n<\/tbody>\n<\/table>\n<\/div>\n<div><\/div>\n<div><\/div>\n<\/div><\/div><div  class=\"vc_do_toggle vc_toggle vc_toggle_square vc_toggle_color_sky  vc_toggle_size_lg    wpb_animate_when_almost_visible wpb_fadeIn fadeIn\"><div class=\"vc_toggle_title\"><h4>Schl\u00e4gerhandling (Grundsch\u00fcler)<\/h4><i class=\"vc_toggle_icon\"><\/i><\/div><div class=\"vc_toggle_content\"><div>\n<div><strong>Schl\u00e4gerhandling (Grundsch\u00fcler):<\/strong><\/div>\n<div><\/div>\n<div>Ein kurzes Video zu verschiedenen \u00dcbungen mit dem Schl\u00e4ger. K\u00f6nnt ihr gern t\u00e4glich machen. Bietet sich an als \u201eLernpause\u201c w\u00e4hrend der Schulaufgaben.<\/div>\n<div><\/div>\n<\/div>\n<div><\/div>\n<div>\n<table style=\"border-collapse: collapse; width: 100%;\">\n<tbody>\n<tr>\n<td style=\"width: 50%;\"><a href=\"https:\/\/www.instagram.com\/p\/B97KxHFF8h6\/?igshid=1ltg18w6u2i51\" target=\"_blank\" rel=\"noopener noreferrer\"><strong><span style=\"font-size: 18px;\">TRAINING AUF INSTAGRAM<\/span><\/strong><\/a><\/td>\n<td style=\"width: 50%;\"><\/td>\n<\/tr>\n<\/tbody>\n<\/table>\n<\/div>\n<div><\/div>\n<div><\/div>\n<\/div><\/div><div  class=\"vc_do_toggle vc_toggle vc_toggle_square vc_toggle_color_sky  vc_toggle_size_lg    wpb_animate_when_almost_visible wpb_fadeIn fadeIn\"><div class=\"vc_toggle_title\"><h4>Badminton At Home<\/h4><i class=\"vc_toggle_icon\"><\/i><\/div><div class=\"vc_toggle_content\"><div>\n<div><strong>Badminton At Home von Badminton Europe: (alle Altersklassen)<\/strong><\/div>\n<div>\n<div><\/div>\n<div>Aktuell 3 Videos (teilweise in Englisch), deren \u00dcbungen man problemlos zu Hause nachmachen kann. Wahrscheinlich wird die Liste nach und nach erg\u00e4nzt.<\/div>\n<\/div>\n<div><\/div>\n<\/div>\n<div><\/div>\n<div>\n<table style=\"border-collapse: collapse; width: 100%;\">\n<tbody>\n<tr>\n<td style=\"width: 50%;\"><a title=\"Badminton at Home\" href=\"https:\/\/www.youtube.com\/watch?v=SbH4CrLd1qY&amp;list=PLpmgPP4Q2bO1S16uvgcTgUXokidNTmIQw&amp;index=1\" target=\"_blank\" rel=\"noopener noreferrer\"><strong><span style=\"font-size: 18px;\">BADMINTON AT HOME<\/span><\/strong><\/a><\/td>\n<td style=\"width: 50%;\"><\/td>\n<\/tr>\n<\/tbody>\n<\/table>\n<\/div>\n<div><\/div>\n<div><\/div>\n<\/div><\/div><div  class=\"vc_do_toggle vc_toggle vc_toggle_square vc_toggle_color_sky  vc_toggle_size_lg    wpb_animate_when_almost_visible wpb_fadeIn fadeIn\"><div class=\"vc_toggle_title\"><h4>Interessante Badmintonspiele<\/h4><i class=\"vc_toggle_icon\"><\/i><\/div><div class=\"vc_toggle_content\"><div>\n<div>\n<div><strong>Interessante Badmintonspiele von verschiedenen Altersklassen (alle AK):<\/strong><\/div>\n<div><\/div>\n<div>\u00dcbersicht \u00fcber viele Badmintonspiele unterschiedlicher Altersklassen. Hier k\u00f6nnt ihr z.B. mal schauen, was die U15er schon k\u00f6nnen (Jg. 2006 \u2013 EM 2020). Einfach oben unter dem Punkt CHAMPIONSHIPS das entsprechende Turnier ausw\u00e4hlen und schon kommen s\u00e4mtliche Videos.<\/div>\n<\/div>\n<div><\/div>\n<\/div>\n<div><\/div>\n<div><a href=\"https:\/\/www.badmintoneurope.tv\/en-int\/page\/home-badminton-europe\" target=\"_blank\" rel=\"noopener noreferrer\"><strong><span style=\"font-size: 18px;\">INTERESSANTE BADMINTON-SPIELE<\/span><\/strong><\/a><\/div>\n<div><\/div>\n<div><\/div>\n<\/div><\/div><div  class=\"vc_do_toggle vc_toggle vc_toggle_square vc_toggle_color_sky  vc_toggle_size_lg    wpb_animate_when_almost_visible wpb_fadeIn fadeIn\"><div class=\"vc_toggle_title\"><h4>Mitmachprogramm der BZgA<\/h4><i class=\"vc_toggle_icon\"><\/i><\/div><div class=\"vc_toggle_content\"><div>\n<div>\n<div>\n<h1 id=\"title\" class=\"style-scope ytd-playlist-sidebar-primary-info-renderer\"><span style=\"font-size: 18px;\">Kinder stark machen Mitmachprogramm<\/span><\/h1>\n<\/div>\n<div>Bundeszentrale f\u00fcr gesundheitliche Aufkl\u00e4rung<\/div>\n<\/div>\n<\/div>\n<div><\/div>\n<div><a href=\"https:\/\/www.badmintoneurope.tv\/en-int\/page\/home-badminton-europe\" target=\"_blank\" rel=\"noopener noreferrer\"><strong><span style=\"font-size: 18px;\">TRAININGSVIDEOS<\/span><\/strong><\/a><\/div>\n<div><\/div>\n<div><\/div>\n<\/div><\/div><\/div><\/div><\/div><\/div>\n<\/div>","protected":false},"excerpt":{"rendered":"<p>Diverse Trainingsbeispiele f\u00fcr zu HauseT\u00e4gliche Sportstunde mit ALBA Berlin1. T\u00e4gliche Sportstunde mit ALBA Berlin (verschiedene Altersklassen KITA, Grundschule, Oberschule): T\u00e4glich 3 Sendungen, jede Altersklasse 1x. VIDEOS YOUTUBE-KANAL AKTION VON ALBA BERLIN Schl\u00e4gerhandling (Grundsch\u00fcler) Schl\u00e4gerhandling (Grundsch\u00fcler): Ein kurzes Video zu verschiedenen \u00dcbungen mit dem Schl\u00e4ger. K\u00f6nnt ihr gern t\u00e4glich machen. Bietet sich an als \u201eLernpause\u201c w\u00e4hrend&hellip;<\/p>\n","protected":false},"author":1,"featured_media":0,"parent":0,"menu_order":0,"comment_status":"closed","ping_status":"closed","template":"","meta":{"footnotes":""},"class_list":["post-8408","page","type-page","status-publish","hentry","description-off"],"_links":{"self":[{"href":"https:\/\/www.sv-gutsmuths-jena.de\/badminton-jena\/wp-json\/wp\/v2\/pages\/8408","targetHints":{"allow":["GET"]}}],"collection":[{"href":"https:\/\/www.sv-gutsmuths-jena.de\/badminton-jena\/wp-json\/wp\/v2\/pages"}],"about":[{"href":"https:\/\/www.sv-gutsmuths-jena.de\/badminton-jena\/wp-json\/wp\/v2\/types\/page"}],"author":[{"embeddable":true,"href":"https:\/\/www.sv-gutsmuths-jena.de\/badminton-jena\/wp-json\/wp\/v2\/users\/1"}],"replies":[{"embeddable":true,"href":"https:\/\/www.sv-gutsmuths-jena.de\/badminton-jena\/wp-json\/wp\/v2\/comments?post=8408"}],"version-history":[{"count":0,"href":"https:\/\/www.sv-gutsmuths-jena.de\/badminton-jena\/wp-json\/wp\/v2\/pages\/8408\/revisions"}],"wp:attachment":[{"href":"https:\/\/www.sv-gutsmuths-jena.de\/badminton-jena\/wp-json\/wp\/v2\/media?parent=8408"}],"curies":[{"name":"wp","href":"https:\/\/api.w.org\/{rel}","templated":true}]}}