{"id":9020,"date":"2020-11-04T21:51:18","date_gmt":"2020-11-04T20:51:18","guid":{"rendered":"https:\/\/www.sv-gutsmuths-jena.de\/badminton-jena\/?page_id=9020"},"modified":"2022-07-07T22:34:54","modified_gmt":"2022-07-07T20:34:54","slug":"jugendsportpreis","status":"publish","type":"page","link":"https:\/\/www.sv-gutsmuths-jena.de\/badminton-jena\/jugendsportpreis\/","title":{"rendered":"Jugendsportpreis"},"content":{"rendered":"<div class=\"wpb-content-wrapper\"><div class=\"vc_row wpb_row vc_row-fluid\"><div class=\"wpb_column vc_column_container vc_col-sm-12\"><div class=\"vc_column-inner\"><div class=\"wpb_wrapper\"><div id=\"ts-vcsc-textillate-2864900\" class=\"ts-textillate   \" data-loop=\"false\" data-mobile=\"false\"data-delay=\"100\" data-in-effect=\"ts-composer-css-fadeIn\" data-in-sync=\"false\" data-in-shuffle=\"false\" data-in-reverse=\"false\"  style=\"color: #dd9933 !important; font-size: 24px; line-height: 24px; font-weight: inherit; text-align: left; margin-top: 0px; margin-bottom: 20px;\">Th\u00fcringer Kinder- und Jugendsportpreis<\/div><\/div><\/div><\/div><\/div><div class=\"vc_row wpb_row vc_row-fluid\"><div class=\"wpb_column vc_column_container vc_col-sm-12\"><div class=\"vc_column-inner\"><div class=\"wpb_wrapper\"><div id=\"ts-vcsc-youtube-1766084\" class=\"ts-vcsc-youtube-1766084-parent nch-holder  krautgrid-item kraut-lightbox-youtube kraut-lightbox-single  kraut-lightbox-hover-zoom  \" style=\"margin-top: 0px; margin-bottom: 0px; width: 100%; height: 100%;\"><a href=\"https:\/\/www.youtube.com\/watch?v=qrJfnsVGqfc&amp;t=226s\" class=\"kraut-lightbox-media no-ajaxy\" target=\"_blank\" data-thumbnail=\"https:\/\/www.sv-gutsmuths-jena.de\/badminton-jena\/wp-content\/uploads\/sites\/4\/2020\/11\/PT24-06.jpg\" data-title=\"\" data-contenttype=\"video\" data-listid=\"\" data-userid=\"\" data-videofirst=\"\" data-videosother=\"\" data-search=\"\" data-infobar=\"false\" data-controls=\"1\" data-autohide=\"1\" data-start=\"0\" data-end=\"0\" data-related=\"false\" data-loop=\"false\" data-modest=\"false\" data-mute=\"false\" data-quality=\"auto\" data-videoplay=\"false\" data-type=\"youtube\" rel=\"krautgroup\" data-effect=\"fade\" data-share=\"0\" data-duration=\"5000\"  ><img decoding=\"async\" class=\"krautgrid-image-zoom\" src=\"https:\/\/www.sv-gutsmuths-jena.de\/badminton-jena\/wp-content\/uploads\/sites\/4\/2020\/11\/PT24-06.jpg\" alt=\"\" title=\"\" data-no-lazy=\"1\" style=\"display: block; width: 100%; height: auto;\"><div class=\"krautgrid-caption \" style=\"background-color: rgba(24,24,24,0.3); \"><\/div><\/a><\/div><div class=\"vc_empty_space\"   style=\"height: 15px\"><span class=\"vc_empty_space_inner\"><\/span><\/div>\n\t<div class=\"wpb_text_column wpb_content_element \" >\n\t\t<div class=\"wpb_wrapper\">\n\t\t\t<p style=\"text-align: center;\"><span style=\"font-size: 13px; color: #ffcc00;\">Bildklick spielt Video ab \ud83d\ude09<\/span><\/p>\n\n\t\t<\/div>\n\t<\/div>\n<div class=\"vc_empty_space\"   style=\"height: 20px\"><span class=\"vc_empty_space_inner\"><\/span><\/div><\/div><\/div><\/div><\/div><div class=\"vc_row wpb_row vc_row-fluid\"><div class=\"wpb_column vc_column_container vc_col-sm-12\"><div class=\"vc_column-inner\"><div class=\"wpb_wrapper\">\n\t<div class=\"wpb_text_column wpb_content_element \" >\n\t\t<div class=\"wpb_wrapper\">\n\t\t\t<p style=\"text-align: justify;\">Am Donnerstag, dem 12.11.2020 um 16.00 Uhr in der Aula der Heinrich Heine Schule bekommen wir als Kooperationspartner der Abteilung Badminton des SV GutsMuths Jena zum zweiten mal den &#8222;Th\u00fcringer Kinder- und Jugendsportpreis&#8220; vom Landessportbund verliehen. Es werden Vertreter des Sportgymnasiums (insbesondere ehemalige Sch\u00fcler sowie der langj\u00e4hrige Trainer Herr Heller), des Landessportbundes, des Jenaer Stadtsportbundes, sowie Kinder, Elternvertreter und Kollegen der gastgebenen Heineschule anwesend sein.<\/p>\n<p>Kerstin Braschel<br \/>\nSchulleiterin<\/p>\n<p style=\"text-align: justify;\">Am 05.07.2022 war es nun endlich so weit! Der Th\u00fcringer Kinder- und Jugendsportpreis 2020 konnte von Frau Anette Weidensee Referentin Kinder- und Jugendsportentwicklung Gesch\u00e4ftsbereich Th\u00fcringer Sportjugend, im Rahmen der 29. Jenaer Stadtmeisterschaften f\u00fcr Grundschulen, an die Heinrich Heine Schule und den SV GutsMuths Jena \u00fcbergeben werden.<\/p>\n\n\t\t<\/div>\n\t<\/div>\n<\/div><\/div><\/div><\/div><div class=\"vc_row wpb_row vc_row-fluid\"><div class=\"wpb_column vc_column_container vc_col-sm-12\"><div class=\"vc_column-inner\"><div class=\"wpb_wrapper\"><div class=\"cq-medium-gallery\" data-gallerywidth=\"\" data-background=\"\" data-layoutno=\"13343522341234232233\" data-lowreswidth=\"\" data-gutter=\"gutter\" style=\"margin:0 auto;\"><img decoding=\"async\" src=\"https:\/\/www.sv-gutsmuths-jena.de\/badminton-jena\/wp-content\/uploads\/sites\/4\/2022\/07\/KuJP-5.jpg\" data-highres=\"https:\/\/www.sv-gutsmuths-jena.de\/badminton-jena\/wp-content\/uploads\/sites\/4\/2022\/07\/KuJP-5.jpg\" class=\"mediumgallery-img \" title=\"\" alt=\"\" \/><img decoding=\"async\" src=\"https:\/\/www.sv-gutsmuths-jena.de\/badminton-jena\/wp-content\/uploads\/sites\/4\/2022\/07\/KuJP-1.jpg\" data-highres=\"https:\/\/www.sv-gutsmuths-jena.de\/badminton-jena\/wp-content\/uploads\/sites\/4\/2022\/07\/KuJP-1.jpg\" class=\"mediumgallery-img \" title=\"\" alt=\"\" \/><img decoding=\"async\" src=\"https:\/\/www.sv-gutsmuths-jena.de\/badminton-jena\/wp-content\/uploads\/sites\/4\/2022\/07\/KuJP-2.jpg\" data-highres=\"https:\/\/www.sv-gutsmuths-jena.de\/badminton-jena\/wp-content\/uploads\/sites\/4\/2022\/07\/KuJP-2.jpg\" class=\"mediumgallery-img \" title=\"\" alt=\"\" \/><img decoding=\"async\" src=\"https:\/\/www.sv-gutsmuths-jena.de\/badminton-jena\/wp-content\/uploads\/sites\/4\/2022\/07\/KuJP-3.jpg\" data-highres=\"https:\/\/www.sv-gutsmuths-jena.de\/badminton-jena\/wp-content\/uploads\/sites\/4\/2022\/07\/KuJP-3.jpg\" class=\"mediumgallery-img \" title=\"\" alt=\"\" \/><img decoding=\"async\" src=\"https:\/\/www.sv-gutsmuths-jena.de\/badminton-jena\/wp-content\/uploads\/sites\/4\/2022\/07\/KuJP-4.jpg\" data-highres=\"https:\/\/www.sv-gutsmuths-jena.de\/badminton-jena\/wp-content\/uploads\/sites\/4\/2022\/07\/KuJP-4.jpg\" class=\"mediumgallery-img \" title=\"\" alt=\"\" \/><img decoding=\"async\" src=\"https:\/\/www.sv-gutsmuths-jena.de\/badminton-jena\/wp-content\/uploads\/sites\/4\/2022\/07\/KuJP-6.jpg\" data-highres=\"https:\/\/www.sv-gutsmuths-jena.de\/badminton-jena\/wp-content\/uploads\/sites\/4\/2022\/07\/KuJP-6.jpg\" class=\"mediumgallery-img \" title=\"\" alt=\"\" \/><img decoding=\"async\" src=\"https:\/\/www.sv-gutsmuths-jena.de\/badminton-jena\/wp-content\/uploads\/sites\/4\/2022\/07\/KuJP-7.jpg\" data-highres=\"https:\/\/www.sv-gutsmuths-jena.de\/badminton-jena\/wp-content\/uploads\/sites\/4\/2022\/07\/KuJP-7.jpg\" class=\"mediumgallery-img \" title=\"\" alt=\"\" \/><\/div><\/div><\/div><\/div><\/div>\n<\/div>","protected":false},"excerpt":{"rendered":"<p>Th\u00fcringer Kinder- und Jugendsportpreis Bildklick spielt Video ab \ud83d\ude09 Am Donnerstag, dem 12.11.2020 um 16.00 Uhr in der Aula der Heinrich Heine Schule bekommen wir als Kooperationspartner der Abteilung Badminton des SV GutsMuths Jena zum zweiten mal den &#8222;Th\u00fcringer Kinder- und Jugendsportpreis&#8220; vom Landessportbund verliehen. Es werden Vertreter des Sportgymnasiums (insbesondere ehemalige Sch\u00fcler sowie der&hellip;<\/p>\n","protected":false},"author":1,"featured_media":0,"parent":0,"menu_order":0,"comment_status":"closed","ping_status":"closed","template":"","meta":{"footnotes":""},"class_list":["post-9020","page","type-page","status-publish","hentry","description-off"],"_links":{"self":[{"href":"https:\/\/www.sv-gutsmuths-jena.de\/badminton-jena\/wp-json\/wp\/v2\/pages\/9020","targetHints":{"allow":["GET"]}}],"collection":[{"href":"https:\/\/www.sv-gutsmuths-jena.de\/badminton-jena\/wp-json\/wp\/v2\/pages"}],"about":[{"href":"https:\/\/www.sv-gutsmuths-jena.de\/badminton-jena\/wp-json\/wp\/v2\/types\/page"}],"author":[{"embeddable":true,"href":"https:\/\/www.sv-gutsmuths-jena.de\/badminton-jena\/wp-json\/wp\/v2\/users\/1"}],"replies":[{"embeddable":true,"href":"https:\/\/www.sv-gutsmuths-jena.de\/badminton-jena\/wp-json\/wp\/v2\/comments?post=9020"}],"version-history":[{"count":2,"href":"https:\/\/www.sv-gutsmuths-jena.de\/badminton-jena\/wp-json\/wp\/v2\/pages\/9020\/revisions"}],"predecessor-version":[{"id":10946,"href":"https:\/\/www.sv-gutsmuths-jena.de\/badminton-jena\/wp-json\/wp\/v2\/pages\/9020\/revisions\/10946"}],"wp:attachment":[{"href":"https:\/\/www.sv-gutsmuths-jena.de\/badminton-jena\/wp-json\/wp\/v2\/media?parent=9020"}],"curies":[{"name":"wp","href":"https:\/\/api.w.org\/{rel}","templated":true}]}}