{"id":96,"date":"2015-10-07T23:54:26","date_gmt":"2015-10-07T21:54:26","guid":{"rendered":"http:\/\/www.sv-gutsmuths-jena.de\/mobile1\/?page_id=96"},"modified":"2022-09-22T15:22:25","modified_gmt":"2022-09-22T13:22:25","slug":"standort-spielstaette","status":"publish","type":"page","link":"https:\/\/www.sv-gutsmuths-jena.de\/badminton-jena\/standort-spielstaette\/","title":{"rendered":"Spielst\u00e4tte &#8211; Tickets &#8211; Standort"},"content":{"rendered":"<div class=\"wpb-content-wrapper\"><div class=\"vc_row wpb_row vc_row-fluid\"><div class=\"wpb_column vc_column_container vc_col-sm-12\"><div class=\"vc_column-inner\"><div class=\"wpb_wrapper\">\n\t<div class=\"wpb_text_column wpb_content_element \" >\n\t\t<div class=\"wpb_wrapper\">\n\t\t\t<p><span style=\"font-size: 18px;\">Spielhalle des Sportgymnasiums Jena<\/span><br \/>\n<span style=\"font-size: 18px;\">07749 Jena<\/span><\/p>\n<p><span style=\"font-size: 18px;\">W\u00f6llnitzer Str. 40<\/span><\/p>\n<hr \/>\n<p class=\"Normal\"><span style=\"font-size: 16px;\"><span style=\"font-family: 'Arial';\"><br \/>\n<\/span><span style=\"font-family: 'Arial';\">Hallentelefon: 03641-381572<\/span><\/span><\/p>\n<p class=\"Normal\"><span style=\"font-size: 16px;\"><span style=\"font-family: 'Arial';\">Mannschaftsleiter und Kontaktperson zum BL-Ausschuss:<br \/>\n<\/span><span style=\"font-family: 'Arial';\">Lennart Notni<br \/>\n<\/span><\/span><span style=\"font-size: 11.0pt; font-family: 'Arial';\"><span style=\"font-size: 16px;\">Mail: <a href=\"mailto:l.notni@badminton-jena.de\" target=\"_blank\" rel=\"noopener noreferrer\">l.notni@badminton-jena.de<\/a><\/span> <\/span><\/p>\n\n\t\t<\/div>\n\t<\/div>\n<div class=\"vc_empty_space\"   style=\"height: 20px\"><span class=\"vc_empty_space_inner\"><\/span><\/div><span id=\"creative-link-wrap-4757\" class=\" ult_main_cl  \" >\n\t \t\t\t<span  class=\"ult_cl_link_10  ult_crlink\" id=\"\">\n\t\t\t\t\t<a  data-ultimate-target='#creative-link-wrap-4757 .ult_colorlink'  data-responsive-json-new='{\"font-size\":\"\",\"line-height\":\"\"}'  href=\"https:\/\/pretix.eu\/gutsmuthsjena\/\" target=\"_blank\" rel=\"noopener\"  class=\"ult_colorlink  ult-responsive \"  style=\"float:left;font-weight:normal; \"  data-textcolor=\"#f7f7f7\" data-texthover=\"#1e73be\"data-style=\"Style_10\">\n\t\t\t\t\t\t<span   class=\"ult_btn10_span   vc_custom_1646234133187\" style=\"background:#1e73be;border-top:1px solid #dd9933;\" data-color=\"#dd9933\"  data-bhover=\"#ffffff\" data-bstyle=\"solid\">\n\t\t\t\t\t\t\t<span class=\"ult_link_btm  ult_btn10_link_top\" style=\"background:#ffffff;\">\n\t\t\t\t\t\t\t\t<span style=\"color:#f7f7f7;;color:#1e73be\" class=\"style10-span\">Hier k\u00f6nnen Tickets online \u00fcber unseren Partner Predix gekauft werden.<\/span>\n\t\t\t\t\t\t\t<\/span>\n\t\t\t\t\t\t\t<span style=\"color:#f7f7f7;;\">Hier k\u00f6nnen Tickets online \u00fcber unseren Partner Predix gekauft werden.<\/span>\n\t\t\t\t\t\t<\/span>\n\n\t\t\t\t\t<\/a>\n\t\t\t\t<\/span>\n\t\t\t<\/span><\/div><\/div><\/div><\/div><div class=\"vc_row wpb_row vc_row-fluid\"><div class=\"wpb_column vc_column_container vc_col-sm-12\"><div class=\"vc_column-inner\"><div class=\"wpb_wrapper\"><div id=\"ts-vcsc-divider-2947890\" class=\"ts-divider-holder   \"  style=\"margin-top: 20px; margin-bottom: 20px;\"><div class=\"ts-divider-arrow\" style=\"border-top-style: inset; border-top-color: #217dce; border-top-width: 2px; width: 100%; padding-top: 0px; padding-bottom: 30px;\"><div class=\"ts-divider-arrow-before\" style=\"border-top-color: #2186d3; top: 0px; border-left: 25px solid transparent; border-right: 25px solid transparent; border-top-width: 30px; border-top-style: solid;\"><\/div><div class=\"ts-divider-arrow-after\" style=\"border-top-color: #1965a8; top: 0px; border-left: 21px solid transparent; border-right: 21px solid transparent; border-top-width: 26px;\"><\/div><\/div><\/div>\n\t<div class=\"wpb_text_column wpb_content_element \" >\n\t\t<div class=\"wpb_wrapper\">\n\t\t\t<div style=\"font-size: 13px; font-family: Helvetica Neue, Helvetica, Arial, sans-serif;\">\n<div style=\"font-size: 13px; font-family: Helvetica Neue, Helvetica, Arial, sans-serif;\">\n<div style=\"font-size: 13px; font-family: Helvetica Neue, Helvetica, Arial, sans-serif;\">\n<div id=\"ydpc588a0b2yiv2292645759\">\n<div style=\"font-size: 13px; font-family: Helvetica Neue, Helvetica, Arial, sans-serif;\">\n<div style=\"font-size: 13px; font-family: Helvetica Neue, Helvetica, Arial, sans-serif;\">\n<div><span style=\"font-size: 18px;\">Tickets: <\/span><\/div>\n<ul style=\"list-style-type: disc;\">\n<li>Tagesticket 6 \u20ac voll \u2013 3,00 \u20ac erm\u00e4\u00dfigt*<br \/>\n<span class=\"ContentPasted0\">*(Mitglieder, Studenten, Rentner, Menschen mit Behinderung)<\/span><\/li>\n<li>Dauerkarte 50 \u20ac voll \u2013 25 \u20ac erm\u00e4\u00dfigt*<br \/>\n<span class=\"ContentPasted0\">*(Mitglieder, Studenten, Rentner, Menschen mit Behinderung)<\/span><\/li>\n<li>feste Sitzplatzreservierung gegen 1,50 \u20ac Aufschlag \u00fcber <a href=\"mailto:tickets@badminton-jena.de\" target=\"_blank\" rel=\"noopener\">tickets@badminton-jena.de<\/a> m\u00f6glich<\/li>\n<\/ul>\n<div dir=\"auto\"><span style=\"font-size: 15px;\">Ausgenommen sind alle ehrenamtlichen Helfer und Unterst\u00fctzer f\u00fcr den Spieltag in der Halle, angemeldete Sponsoren und Presse\/Fernsehen.<\/span><\/div>\n<\/div>\n<\/div>\n<\/div>\n<\/div>\n<\/div>\n<\/div>\n<div id=\"s3gt_translate_tooltip_mini\" class=\"s3gt_translate_tooltip_mini_box\" style=\"background: initial !important; border: initial !important; border-radius: initial !important; border-spacing: initial !important; border-collapse: initial !important; direction: ltr !important; flex-direction: initial !important; font-weight: initial !important; height: initial !important; letter-spacing: initial !important; min-width: initial !important; max-width: initial !important; min-height: initial !important; max-height: initial !important; margin: auto !important; outline: initial !important; padding: initial !important; position: absolute; table-layout: initial !important; text-align: initial !important; text-shadow: initial !important; width: initial !important; word-break: initial !important; word-spacing: initial !important; overflow-wrap: initial !important; box-sizing: initial !important; display: initial !important; color: inherit !important; font-size: 13px !important; font-family: X-LocaleSpecific, sans-serif, Tahoma, Helvetica !important; line-height: 13px !important; vertical-align: top !important; white-space: inherit !important; left: 10px; top: 46px; opacity: 0;\">\n<div id=\"s3gt_translate_tooltip_mini_logo\" class=\"s3gt_translate_tooltip_mini\" title=\"Markierten Text \u00fcbersetzen\"><\/div>\n<div id=\"s3gt_translate_tooltip_mini_sound\" class=\"s3gt_translate_tooltip_mini\" title=\"Abspielen\"><\/div>\n<div id=\"s3gt_translate_tooltip_mini_copy\" class=\"s3gt_translate_tooltip_mini\" title=\"In Zwischenablage kopieren\"><\/div>\n<\/div>\n\n\t\t<\/div>\n\t<\/div>\n<\/div><\/div><\/div><\/div><div class=\"vc_row wpb_row vc_row-fluid\"><div class=\"wpb_column vc_column_container vc_col-sm-12\"><div class=\"vc_column-inner\"><div class=\"wpb_wrapper\"><div id=\"ts-vcsc-divider-9085305\" class=\"ts-divider-holder   \"  style=\"margin-top: 20px; margin-bottom: 20px;\"><div class=\"ts-divider-arrow\" style=\"border-top-style: inset; border-top-color: #217dce; border-top-width: 2px; width: 100%; padding-top: 0px; padding-bottom: 30px;\"><div class=\"ts-divider-arrow-before\" style=\"border-top-color: #2186d3; top: 0px; border-left: 25px solid transparent; border-right: 25px solid transparent; border-top-width: 30px; border-top-style: solid;\"><\/div><div class=\"ts-divider-arrow-after\" style=\"border-top-color: #1965a8; top: 0px; border-left: 21px solid transparent; border-right: 21px solid transparent; border-top-width: 26px;\"><\/div><\/div><\/div><\/div><\/div><\/div><\/div><div class=\"vc_row wpb_row vc_row-fluid\"><div class=\"wpb_column vc_column_container vc_col-sm-6\"><div class=\"vc_column-inner\"><div class=\"wpb_wrapper\">\n\t<div  class=\"wpb_single_image wpb_content_element vc_align_center\">\n\t\t\n\t\t<figure class=\"wpb_wrapper vc_figure\">\n\t\t\t<a href=\"https:\/\/www.sv-gutsmuths-jena.de\/badminton-jena\/wp-content\/uploads\/sites\/4\/2015\/10\/Spielhalle-SVGM-Jena.jpg\" target=\"_self\" data-large_image_width=\"1244\" data-large_image_height=\"701\"  class=\"vc_single_image-wrapper vc_box_outline  vc_box_border_grey dt-pswp-item rollover rollover-zoom\"   ><img decoding=\"async\" class=\"vc_single_image-img \" src=\"https:\/\/www.sv-gutsmuths-jena.de\/badminton-jena\/wp-content\/uploads\/sites\/4\/2015\/10\/Spielhalle-SVGM-Jena.jpg\" width=\"1244\" height=\"701\" alt=\"Spielhalle-SVGM-Jena\" title=\"Spielhalle-SVGM-Jena\" loading=\"lazy\"  data-dt-location=\"https:\/\/www.sv-gutsmuths-jena.de\/badminton-jena\/standort-spielstaette\/spielhalle-svgm-jena\/\" \/><\/a>\n\t\t<\/figure>\n\t<\/div>\n<\/div><\/div><\/div><div class=\"wpb_column vc_column_container vc_col-sm-6\"><div class=\"vc_column-inner\"><div class=\"wpb_wrapper\"><div class=\"wpb_gmaps_widget wpb_content_element vc_custom_1534364897684\"><div class=\"wpb_wrapper\"><div class=\"wpb_map_wraper\"><iframe loading=\"lazy\" src=\"https:\/\/www.google.com\/maps\/embed?pb=!1m18!1m12!1m3!1d2515.416157768223!2d11.5896107!3d50.9160183!2m3!1f0!2f0!3f0!3m2!1i1024!2i768!4f13.1!3m3!1m2!1s0x417186fa9776ef53%3A0xabfcb0e734bdc959!2sStaatliches+Sportgymnasium+Joh.+Chr.+Fr.+GutsMuths!5e0!3m2!1sde!2sde!4v1444254545640\" width=\"500\" height=\"220\" frameborder=\"0\" style=\"border:2\" allowfullscreen><\/iframe><\/div><\/div><\/div><\/div><\/div><\/div><\/div><div class=\"vc_row wpb_row vc_row-fluid\"><div class=\"wpb_column vc_column_container vc_col-sm-12\"><div class=\"vc_column-inner\"><div class=\"wpb_wrapper\">\n\t<div  class=\"wpb_single_image wpb_content_element vc_align_center  wpb_animate_when_almost_visible wpb_fadeIn fadeIn\">\n\t\t\n\t\t<figure class=\"wpb_wrapper vc_figure\">\n\t\t\t<a href=\"https:\/\/www.sv-gutsmuths-jena.de\/badminton-jena\/wp-content\/uploads\/sites\/4\/2018\/01\/BL_35.jpg\" target=\"_self\" data-large_image_width=\"1200\" data-large_image_height=\"444\"  class=\"vc_single_image-wrapper vc_box_rounded  vc_box_border_grey dt-pswp-item rollover rollover-zoom\"   ><img decoding=\"async\" class=\"vc_single_image-img \" src=\"https:\/\/www.sv-gutsmuths-jena.de\/badminton-jena\/wp-content\/uploads\/sites\/4\/2018\/01\/BL_35-900x444.jpg\" width=\"900\" height=\"444\" alt=\"2. Bundesliga Badminton\" title=\"2. Bundesliga Badminton\" loading=\"lazy\"  data-dt-location=\"https:\/\/www.sv-gutsmuths-jena.de\/badminton-jena\/ps-wochenende-spielbericht-3\/2-bundesliga-badminton-2\/\" \/><\/a>\n\t\t<\/figure>\n\t<\/div>\n<\/div><\/div><\/div><\/div>\n<\/div>","protected":false},"excerpt":{"rendered":"<p>Spielhalle des Sportgymnasiums Jena 07749 Jena W\u00f6llnitzer Str. 40 Hallentelefon: 03641-381572 Mannschaftsleiter und Kontaktperson zum BL-Ausschuss: Lennart Notni Mail: l.notni@badminton-jena.de Hier k\u00f6nnen Tickets online \u00fcber unseren Partner Predix gekauft werden. Hier k\u00f6nnen Tickets online \u00fcber unseren Partner Predix gekauft werden. Tickets: Tagesticket 6 \u20ac voll \u2013 3,00 \u20ac erm\u00e4\u00dfigt* *(Mitglieder, Studenten, Rentner, Menschen mit Behinderung)&hellip;<\/p>\n","protected":false},"author":1,"featured_media":0,"parent":0,"menu_order":0,"comment_status":"closed","ping_status":"closed","template":"","meta":{"footnotes":""},"class_list":["post-96","page","type-page","status-publish","hentry","description-off"],"_links":{"self":[{"href":"https:\/\/www.sv-gutsmuths-jena.de\/badminton-jena\/wp-json\/wp\/v2\/pages\/96","targetHints":{"allow":["GET"]}}],"collection":[{"href":"https:\/\/www.sv-gutsmuths-jena.de\/badminton-jena\/wp-json\/wp\/v2\/pages"}],"about":[{"href":"https:\/\/www.sv-gutsmuths-jena.de\/badminton-jena\/wp-json\/wp\/v2\/types\/page"}],"author":[{"embeddable":true,"href":"https:\/\/www.sv-gutsmuths-jena.de\/badminton-jena\/wp-json\/wp\/v2\/users\/1"}],"replies":[{"embeddable":true,"href":"https:\/\/www.sv-gutsmuths-jena.de\/badminton-jena\/wp-json\/wp\/v2\/comments?post=96"}],"version-history":[{"count":3,"href":"https:\/\/www.sv-gutsmuths-jena.de\/badminton-jena\/wp-json\/wp\/v2\/pages\/96\/revisions"}],"predecessor-version":[{"id":11113,"href":"https:\/\/www.sv-gutsmuths-jena.de\/badminton-jena\/wp-json\/wp\/v2\/pages\/96\/revisions\/11113"}],"wp:attachment":[{"href":"https:\/\/www.sv-gutsmuths-jena.de\/badminton-jena\/wp-json\/wp\/v2\/media?parent=96"}],"curies":[{"name":"wp","href":"https:\/\/api.w.org\/{rel}","templated":true}]}}