{"id":15,"date":"2016-05-17T18:42:38","date_gmt":"2016-05-17T16:42:38","guid":{"rendered":"http:\/\/www.sv-gutsmuths-jena.de\/bogenschiessen-jena\/?page_id=15"},"modified":"2026-04-12T10:08:40","modified_gmt":"2026-04-12T08:08:40","slug":"start","status":"publish","type":"page","link":"https:\/\/www.sv-gutsmuths-jena.de\/bogenschiessen-jena\/","title":{"rendered":"Start"},"content":{"rendered":"<div class=\"wpb-content-wrapper\"><div class=\"vc_row wpb_row vc_row-fluid\"><div class=\"wpb_column vc_column_container vc_col-sm-6\"><div class=\"vc_column-inner\"><div class=\"wpb_wrapper\"><div class=\"vc_empty_space\"   style=\"height: 30px\"><span class=\"vc_empty_space_inner\"><\/span><\/div><\/div><\/div><\/div><div class=\"wpb_column vc_column_container vc_col-sm-6\"><div class=\"vc_column-inner\"><div class=\"wpb_wrapper\"><span id=\"creative-link-wrap-8904\" class=\" ult_main_cl  \" >\n\t \t\t\t<span  class=\"ult_cl_link_10  ult_crlink\" id=\"\">\n\t\t\t\t\t<a  data-ultimate-target='#creative-link-wrap-8904 .ult_colorlink'  data-responsive-json-new='{\"font-size\":\"desktop:20px;\",\"line-height\":\"\"}'  href=\"https:\/\/www.sv-gutsmuths-jena.de\/bogenschiessen-jena\/wp-content\/uploads\/sites\/5\/2026\/02\/2026_Ausschreibung-900er.pdf\" title=\"900er\" target=\"_blank\" rel=\"noopener\"  class=\"ult_colorlink  ult-responsive \"  style=\"font-weight:bold; \"  data-textcolor=\"#ffffff\" data-texthover=\"#dd4444\"data-style=\"Style_10\">\n\t\t\t\t\t\t<span   class=\"ult_btn10_span   vc_custom_1770624362022\" style=\"background:#dd3333;border-top:1px solid #333333;\" data-color=\"#333333\"  data-bhover=\"#f9f9f9\" data-bstyle=\"solid\">\n\t\t\t\t\t\t\t<span class=\"ult_link_btm  ult_btn10_link_top\" style=\"background:#f9f9f9;\">\n\t\t\t\t\t\t\t\t<span style=\"color:#ffffff;;color:#dd4444\" class=\"style10-span\">EINLADUNG - Ausschreibung 900er<\/span>\n\t\t\t\t\t\t\t<\/span>\n\t\t\t\t\t\t\t<span style=\"color:#ffffff;;\">EINLADUNG - Ausschreibung 900er<\/span>\n\t\t\t\t\t\t<\/span>\n\n\t\t\t\t\t<\/a>\n\t\t\t\t<\/span>\n\t\t\t<\/span><div class=\"vc_empty_space\"   style=\"height: 30px\"><span class=\"vc_empty_space_inner\"><\/span><\/div><\/div><\/div><\/div><\/div><div class=\"vc_row wpb_row vc_row-fluid\"><div class=\"wpb_column vc_column_container vc_col-sm-12\"><div class=\"vc_column-inner\"><div class=\"wpb_wrapper\"><\/div><\/div><\/div><\/div><div class=\"vc_row wpb_row vc_row-fluid\"><div class=\"wpb_column vc_column_container vc_col-sm-12\"><div class=\"vc_column-inner\"><div class=\"wpb_wrapper\"><div id=\"ts-vcsc-youtube-4129845\" class=\"ts-video-container ts-ratio-sixteen-to-nine  ts-video-overlay-false\"  style=\"\"><iframe loading=\"lazy\" class=\"ts-video-iframe\" width=\"100%\" height=\"auto\"  src=\"https:\/\/www.youtube.com\/embed\/gYGTnBstLzs?autoplay=1&showinfo=0&controls=1&autohide=1&start=1&end=7200&rel=0&loop=1&playlist=gYGTnBstLzs&modestbranding=1&mute=0&vq=auto&wmode=opaque\" frameborder=\"0\" webkitallowfullscreen mozallowfullscreen allowfullscreen allow=\"autoplay\"><\/iframe><\/div>\n\t<div class=\"wpb_text_column wpb_content_element \" >\n\t\t<div class=\"wpb_wrapper\">\n\t\t\t<p style=\"text-align: right;\"><span style=\"font-size: 10px;\"><em>Dieser Film wurde von &#8222;Avocadofilm&#8220; erstellt.<\/em><\/span><\/p>\n\n\t\t<\/div>\n\t<\/div>\n<\/div><\/div><\/div><\/div><div class=\"vc_row wpb_row vc_row-fluid\"><div class=\"wpb_column vc_column_container vc_col-sm-12\"><div class=\"vc_column-inner\"><div class=\"wpb_wrapper\"><div id=\"ts-vcsc-image-teaser-slider-8843856-container\" class=\"ts-teaser-block-slider-container\" style=\"margin-top: 0px; margin-bottom: 0px;\"><div id=\"ts-owlslider-controls-8843856\" class=\"ts-owlslider-controls\" style=\"display: none;\"><div id=\"ts-owlslider-controls-next-8843856\" style=\"display: none;\" class=\"ts-owlslider-controls-next\"><span class=\"ts-ecommerce-arrowright5\"><\/span><\/div><div id=\"ts-owlslider-controls-prev-8843856\" style=\"display: none;\" class=\"ts-owlslider-controls-prev\"><span class=\"ts-ecommerce-arrowleft5\"><\/span><\/div><\/div><div id=\"ts-vcsc-image-teaser-slider-8843856\" class=\"ts-teaser-block-slider ts-owlslider-parent owl-carousel2  \" data-id=\"8843856\" data-items=\"1\" data-rtl=\"false\" data-loop=\"true\" data-navigation=\"false\" data-dots=\"false\" data-mobile=\"false\" data-animationin=\"ts-viewport-css-bounce\" data-animationout=\"ts-viewport-css-bounceOut\" data-height=\"true\" data-play=\"true\" data-bar=\"false\" data-color=\"#dd3333\" data-speed=\"7000\" data-hover=\"true\"><div id=\"ts-vcsc-image-teaser-5636909\" class=\"ts-teaser ts-teaser-container  \" style=\"width: 100%; margin: 0px auto; padding: 0px;\" data-height-type=\"auto\"><div class=\"ts-teaser-item\"><div class=\"ts-teaser-padding\"><div class=\"ts-teaser-image-container\"><img decoding=\"async\" src=\"https:\/\/www.sv-gutsmuths-jena.de\/bogenschiessen-jena\/wp-content\/uploads\/sites\/5\/2016\/05\/slide-2.png\" alt=\"slide-2\" class=\"ts-teaser-image\"><\/div><div class=\"ts-teaser-head\"><h2 class=\"ts-teaser-title\" style=\"color: #a2a2a2; font-size: 18px; background: rgba(255,255,255,0.01); \"><\/h2><\/div><div class=\"ts-teaser-seperator\" style=\"background: rgba(4,156,219,0.01);\"><\/div><div class=\"ts-teaser-text ts-teaser-auto\" data-scroll-nice=\"false\" data-scroll-color=\"#cacaca\" data-scroll-background=\"#ededed\" data-scroll-init=\"false\" style=\"font-size: 14px; color: #aaaaaa;  \"><\/div><\/div><\/div><\/div><div id=\"ts-vcsc-image-teaser-3292100\" class=\"ts-teaser ts-teaser-container  \" style=\"width: 100%; margin: 0px auto; padding: 0px;\" data-height-type=\"auto\"><div class=\"ts-teaser-item\"><div class=\"ts-teaser-padding\"><div class=\"ts-teaser-image-container\"><img decoding=\"async\" src=\"https:\/\/www.sv-gutsmuths-jena.de\/bogenschiessen-jena\/wp-content\/uploads\/sites\/5\/2020\/07\/slide-3.png\" alt=\"slide-3\" class=\"ts-teaser-image\"><\/div><div class=\"ts-teaser-head\"><h2 class=\"ts-teaser-title\" style=\"color: #a2a2a2; font-size: 18px; background: rgba(255,255,255,0.01); \"><\/h2><\/div><div class=\"ts-teaser-seperator\" style=\"background: rgba(4,156,219,0.01);\"><\/div><div class=\"ts-teaser-text ts-teaser-auto\" data-scroll-nice=\"false\" data-scroll-color=\"#cacaca\" data-scroll-background=\"#ededed\" data-scroll-init=\"false\" style=\"font-size: 14px; color: #aaaaaa;  \"><\/div><\/div><\/div><\/div><\/div><\/div><\/div><\/div><\/div><\/div><div class=\"vc_row wpb_row vc_row-fluid\"><div class=\"wpb_column vc_column_container vc_col-sm-12\"><div class=\"vc_column-inner\"><div class=\"wpb_wrapper\"><\/div><\/div><\/div><\/div><div class=\"vc_row wpb_row vc_row-fluid\"><div class=\"wpb_column vc_column_container vc_col-sm-4\"><div class=\"vc_column-inner\"><div class=\"wpb_wrapper\"><div class=\"cq-twoface-box-container\" data-frontbg=\"rgba(40,40,40,0.01)\" data-backbg=\"rgba(0,0,0,0.26)\" data-fontcolor=\"\" data-face1=\"cq-face-front\" data-face2=\"cq-face-back\" data-cubedirection=\"bottomtop\" data-cubeheight=\"220px\" data-avatarsize=\"\" data-contentcolor=\"#eaeaea\" data-contentsize=\"22\" data-titlesize=\"22\" data-contentwidth=\"\" data-rotatecube=\"0\" data-iconcolor=\"\" data-cubemargin=\"\" data-cubewidth=\"100%\" data-frontavatar=\"none\" data-frontfullimage=\"https:\/\/www.sv-gutsmuths-jena.de\/bogenschiessen-jena\/wp-content\/uploads\/sites\/5\/2026\/04\/Speed-Cup2026_15.jpg\" data-backavatar=\"none\" data-backfullimage=\"\"><a href=\"https:\/\/www.sv-gutsmuths-jena.de\/bogenschiessen-jena\/speed-cup-unter-den-kernbergen\/\" title=\"Speed-Cup \u201eUnter den Kernbergen\u201c\" target=\"\" class=\"cq-twoface-link\"><div class=\"cq-twoface-box\"><div class=\"cq-face-item cq-face-front\"><div class=\"cq-face-content\"><\/div><\/div><div class=\"cq-face-item cq-face-back\"><div class=\"cq-face-content\"><h4 class=\"cq-face-title\">Speed-Cup \u201eUnter den Kernbergen\u201c<\/h4><\/div><\/div><\/div><\/a><\/div><div class=\"dt-fancy-separator accent-title-color\" style=\"width: 100%;\"><div class=\"dt-fancy-title\"><span class=\"separator-holder separator-left\"><\/span>12.04.2026<span class=\"separator-holder separator-right\"><\/span><\/div><\/div><\/div><\/div><\/div><div class=\"wpb_column vc_column_container vc_col-sm-4\"><div class=\"vc_column-inner\"><div class=\"wpb_wrapper\"><div class=\"cq-twoface-box-container\" data-frontbg=\"rgba(40,40,40,0.01)\" data-backbg=\"rgba(0,0,0,0.26)\" data-fontcolor=\"\" data-face1=\"cq-face-front\" data-face2=\"cq-face-back\" data-cubedirection=\"bottomtop\" data-cubeheight=\"220px\" data-avatarsize=\"\" data-contentcolor=\"#eaeaea\" data-contentsize=\"22\" data-titlesize=\"22\" data-contentwidth=\"\" data-rotatecube=\"0\" data-iconcolor=\"\" data-cubemargin=\"\" data-cubewidth=\"100%\" data-frontavatar=\"none\" data-frontfullimage=\"https:\/\/www.sv-gutsmuths-jena.de\/bogenschiessen-jena\/wp-content\/uploads\/sites\/5\/2025\/12\/WT-25_02.jpg\" data-backavatar=\"none\" data-backfullimage=\"\"><a href=\"https:\/\/www.sv-gutsmuths-jena.de\/bogenschiessen-jena\/vereinsweihnachtsturnier-2025\/\" title=\"Vereinsweihnachtsturnier 2025\" target=\"\" class=\"cq-twoface-link\"><div class=\"cq-twoface-box\"><div class=\"cq-face-item cq-face-front\"><div class=\"cq-face-content\"><\/div><\/div><div class=\"cq-face-item cq-face-back\"><div class=\"cq-face-content\"><h4 class=\"cq-face-title\">Vereinsweihnachtsturnier 2025<\/h4><\/div><\/div><\/div><\/a><\/div><div class=\"dt-fancy-separator accent-title-color\" style=\"width: 100%;\"><div class=\"dt-fancy-title\"><span class=\"separator-holder separator-left\"><\/span>15.12.2025<span class=\"separator-holder separator-right\"><\/span><\/div><\/div><\/div><\/div><\/div><div class=\"wpb_column vc_column_container vc_col-sm-4\"><div class=\"vc_column-inner\"><div class=\"wpb_wrapper\"><div class=\"cq-twoface-box-container\" data-frontbg=\"rgba(40,40,40,0.01)\" data-backbg=\"rgba(0,0,0,0.26)\" data-fontcolor=\"\" data-face1=\"cq-face-front\" data-face2=\"cq-face-back\" data-cubedirection=\"bottomtop\" data-cubeheight=\"220px\" data-avatarsize=\"\" data-contentcolor=\"#eaeaea\" data-contentsize=\"22\" data-titlesize=\"22\" data-contentwidth=\"\" data-rotatecube=\"0\" data-iconcolor=\"\" data-cubemargin=\"\" data-cubewidth=\"100%\" data-frontavatar=\"none\" data-frontfullimage=\"https:\/\/www.sv-gutsmuths-jena.de\/bogenschiessen-jena\/wp-content\/uploads\/sites\/5\/2025\/12\/OKM-Halle-2026_13.jpg\" data-backavatar=\"none\" data-backfullimage=\"\"><a href=\"https:\/\/www.sv-gutsmuths-jena.de\/bogenschiessen-jena\/km-halle-2026\/\" title=\"Offene KM Halle\" target=\"\" class=\"cq-twoface-link\"><div class=\"cq-twoface-box\"><div class=\"cq-face-item cq-face-front\"><div class=\"cq-face-content\"><\/div><\/div><div class=\"cq-face-item cq-face-back\"><div class=\"cq-face-content\"><h4 class=\"cq-face-title\">Offene KM Halle 2026<\/h4><\/div><\/div><\/div><\/a><\/div><div class=\"dt-fancy-separator accent-title-color\" style=\"width: 100%;\"><div class=\"dt-fancy-title\"><span class=\"separator-holder separator-left\"><\/span>05.12.2025<span class=\"separator-holder separator-right\"><\/span><\/div><\/div><\/div><\/div><\/div><\/div><div class=\"vc_row wpb_row vc_row-fluid\"><div class=\"wpb_column vc_column_container vc_col-sm-4\"><div class=\"vc_column-inner\"><div class=\"wpb_wrapper\"><div class=\"cq-twoface-box-container\" data-frontbg=\"rgba(40,40,40,0.01)\" data-backbg=\"rgba(0,0,0,0.26)\" data-fontcolor=\"\" data-face1=\"cq-face-front\" data-face2=\"cq-face-back\" data-cubedirection=\"bottomtop\" data-cubeheight=\"220px\" data-avatarsize=\"\" data-contentcolor=\"#eaeaea\" data-contentsize=\"22\" data-titlesize=\"22\" data-contentwidth=\"\" data-rotatecube=\"0\" data-iconcolor=\"\" data-cubemargin=\"\" data-cubewidth=\"100%\" data-frontavatar=\"none\" data-frontfullimage=\"https:\/\/www.sv-gutsmuths-jena.de\/bogenschiessen-jena\/wp-content\/uploads\/sites\/5\/2025\/10\/HWT-2025_16.jpg\" data-backavatar=\"none\" data-backfullimage=\"\"><a href=\"https:\/\/www.sv-gutsmuths-jena.de\/bogenschiessen-jena\/halloween-turnier-2025\/\" title=\"Halloween-Turnier 2025\" target=\"\" class=\"cq-twoface-link\"><div class=\"cq-twoface-box\"><div class=\"cq-face-item cq-face-front\"><div class=\"cq-face-content\"><\/div><\/div><div class=\"cq-face-item cq-face-back\"><div class=\"cq-face-content\"><h4 class=\"cq-face-title\">Halloween-Turnier 2025<\/h4><\/div><\/div><\/div><\/a><\/div><div class=\"dt-fancy-separator accent-title-color\" style=\"width: 100%;\"><div class=\"dt-fancy-title\"><span class=\"separator-holder separator-left\"><\/span>27.10.2025<span class=\"separator-holder separator-right\"><\/span><\/div><\/div><\/div><\/div><\/div><div class=\"wpb_column vc_column_container vc_col-sm-4\"><div class=\"vc_column-inner\"><div class=\"wpb_wrapper\"><div class=\"cq-twoface-box-container\" data-frontbg=\"rgba(40,40,40,0.01)\" data-backbg=\"rgba(0,0,0,0.26)\" data-fontcolor=\"\" data-face1=\"cq-face-front\" data-face2=\"cq-face-back\" data-cubedirection=\"bottomtop\" data-cubeheight=\"220px\" data-avatarsize=\"\" data-contentcolor=\"#eaeaea\" data-contentsize=\"22\" data-titlesize=\"22\" data-contentwidth=\"\" data-rotatecube=\"0\" data-iconcolor=\"\" data-cubemargin=\"\" data-cubewidth=\"100%\" data-frontavatar=\"none\" data-frontfullimage=\"https:\/\/www.sv-gutsmuths-jena.de\/bogenschiessen-jena\/wp-content\/uploads\/sites\/5\/2025\/10\/SVEK-SVGM_09.jpg\" data-backavatar=\"none\" data-backfullimage=\"\"><a href=\"https:\/\/www.sv-gutsmuths-jena.de\/bogenschiessen-jena\/kugel-und-bogenschuetzen\/\" title=\"Austausch Kugel- und Bogensch\u00fctzen\" target=\"\" class=\"cq-twoface-link\"><div class=\"cq-twoface-box\"><div class=\"cq-face-item cq-face-front\"><div class=\"cq-face-content\"><\/div><\/div><div class=\"cq-face-item cq-face-back\"><div class=\"cq-face-content\"><h4 class=\"cq-face-title\">Austausch Kugel- und Bogensch\u00fctzen Jena<\/h4><\/div><\/div><\/div><\/a><\/div><div class=\"dt-fancy-separator accent-title-color\" style=\"width: 100%;\"><div class=\"dt-fancy-title\"><span class=\"separator-holder separator-left\"><\/span>27.10.2025<span class=\"separator-holder separator-right\"><\/span><\/div><\/div><\/div><\/div><\/div><div class=\"wpb_column vc_column_container vc_col-sm-4\"><div class=\"vc_column-inner\"><div class=\"wpb_wrapper\"><div class=\"cq-twoface-box-container\" data-frontbg=\"rgba(40,40,40,0.01)\" data-backbg=\"rgba(0,0,0,0.26)\" data-fontcolor=\"\" data-face1=\"cq-face-front\" data-face2=\"cq-face-back\" data-cubedirection=\"bottomtop\" data-cubeheight=\"220px\" data-avatarsize=\"\" data-contentcolor=\"#eaeaea\" data-contentsize=\"22\" data-titlesize=\"22\" data-contentwidth=\"\" data-rotatecube=\"0\" data-iconcolor=\"\" data-cubemargin=\"\" data-cubewidth=\"100%\" data-frontavatar=\"none\" data-frontfullimage=\"https:\/\/www.sv-gutsmuths-jena.de\/bogenschiessen-jena\/wp-content\/uploads\/sites\/5\/2025\/10\/Sab-NTP_12.jpg\" data-backavatar=\"none\" data-backfullimage=\"\"><a href=\"https:\/\/www.sv-gutsmuths-jena.de\/bogenschiessen-jena\/saisonabschluss-der-thueringer-schuetzenjugend-1-poessnecker-nachtturnier\/\" title=\"Th\u00fcringer Sch\u00fctzenjugend & 1. P\u00f6\u00dfnecker Nachtturnier\" target=\"\" class=\"cq-twoface-link\"><div class=\"cq-twoface-box\"><div class=\"cq-face-item cq-face-front\"><div class=\"cq-face-content\"><\/div><\/div><div class=\"cq-face-item cq-face-back\"><div class=\"cq-face-content\"><h4 class=\"cq-face-title\">Th\u00fcringer Sch\u00fctzenjugend &amp; 1. P\u00f6\u00dfnecker Nachtturnier<\/h4><\/div><\/div><\/div><\/a><\/div><div class=\"dt-fancy-separator accent-title-color\" style=\"width: 100%;\"><div class=\"dt-fancy-title\"><span class=\"separator-holder separator-left\"><\/span>03.10.2025<span class=\"separator-holder separator-right\"><\/span><\/div><\/div><\/div><\/div><\/div><\/div>\n<\/div>","protected":false},"excerpt":{"rendered":"<p>EINLADUNG &#8211; Ausschreibung 900er EINLADUNG &#8211; Ausschreibung 900er Dieser Film wurde von &#8222;Avocadofilm&#8220; erstellt. Speed-Cup \u201eUnter den Kernbergen\u201c12.04.2026Vereinsweihnachtsturnier 202515.12.2025Offene KM Halle 202605.12.2025Halloween-Turnier 202527.10.2025Austausch Kugel- und Bogensch\u00fctzen Jena27.10.2025Th\u00fcringer Sch\u00fctzenjugend &amp; 1. P\u00f6\u00dfnecker Nachtturnier03.10.2025<\/p>\n","protected":false},"author":1,"featured_media":0,"parent":0,"menu_order":0,"comment_status":"closed","ping_status":"closed","template":"","meta":{"footnotes":""},"class_list":["post-15","page","type-page","status-publish","hentry","description-off"],"_links":{"self":[{"href":"https:\/\/www.sv-gutsmuths-jena.de\/bogenschiessen-jena\/wp-json\/wp\/v2\/pages\/15","targetHints":{"allow":["GET"]}}],"collection":[{"href":"https:\/\/www.sv-gutsmuths-jena.de\/bogenschiessen-jena\/wp-json\/wp\/v2\/pages"}],"about":[{"href":"https:\/\/www.sv-gutsmuths-jena.de\/bogenschiessen-jena\/wp-json\/wp\/v2\/types\/page"}],"author":[{"embeddable":true,"href":"https:\/\/www.sv-gutsmuths-jena.de\/bogenschiessen-jena\/wp-json\/wp\/v2\/users\/1"}],"replies":[{"embeddable":true,"href":"https:\/\/www.sv-gutsmuths-jena.de\/bogenschiessen-jena\/wp-json\/wp\/v2\/comments?post=15"}],"version-history":[{"count":33,"href":"https:\/\/www.sv-gutsmuths-jena.de\/bogenschiessen-jena\/wp-json\/wp\/v2\/pages\/15\/revisions"}],"predecessor-version":[{"id":3120,"href":"https:\/\/www.sv-gutsmuths-jena.de\/bogenschiessen-jena\/wp-json\/wp\/v2\/pages\/15\/revisions\/3120"}],"wp:attachment":[{"href":"https:\/\/www.sv-gutsmuths-jena.de\/bogenschiessen-jena\/wp-json\/wp\/v2\/media?parent=15"}],"curies":[{"name":"wp","href":"https:\/\/api.w.org\/{rel}","templated":true}]}}