{"id":17,"date":"2016-05-10T18:45:44","date_gmt":"2016-05-10T16:45:44","guid":{"rendered":"http:\/\/www.sv-gutsmuths-jena.de\/bogenschiessen-jena\/?page_id=17"},"modified":"2020-03-17T09:18:36","modified_gmt":"2020-03-17T08:18:36","slug":"ueber-uns","status":"publish","type":"page","link":"https:\/\/www.sv-gutsmuths-jena.de\/bogenschiessen-jena\/ueber-uns\/","title":{"rendered":"\u00dcber uns"},"content":{"rendered":"<div class=\"wpb-content-wrapper\"><div class=\"vc_row wpb_row vc_row-fluid\"><div class=\"wpb_column vc_column_container vc_col-sm-12\"><div class=\"vc_column-inner\"><div class=\"wpb_wrapper\">\n\t<div class=\"wpb_text_column wpb_content_element \" >\n\t\t<div class=\"wpb_wrapper\">\n\t\t\t<p style=\"text-align: justify;\">Die Abteilung Bogensport des SV GutsMuths wurde im Oktober 2009 gegr\u00fcndet und hat aktuell 60 Mitglieder (Stand 02\/20). Wir bieten Bogensport f\u00fcr alle Altersgruppen an. <strong>Das Training wird von Sandra Bodensiek-Scheiding, Alexandra Voigt, Mike Bandlow und Mario Voigt geleitet.<\/strong><br \/>\nEine enge Zusammenarbeit mit dem Sportgymnasium, wo Junioren-Bundestrainer Viktor Bachmann und Landestrainer Steffen Jabin t\u00e4tig waren, bot talentierten und motivierten Kindern und Jugendlichen ausgezeichnete Rahmenbedingungen und gute Aufstiegsm\u00f6glichkeiten bis in die Bundeskader. Talente wurden so fr\u00fchzeitig erkannt und entsprechend gef\u00f6rdert. Im Jahr 2015 sind wir f\u00fcr dieses Engagement in der Nachwuchsarbeit vom DOSB mit dem \u201eGr\u00fcnen Band \u2013 Hervorragende Nachwuchsf\u00f6rderung im Verein\u201c ausgezeichnet worden.<br \/>\nDurch Umstrukturierungen innerhalb des DOSB musste der Olympiast\u00fctzpunkt f\u00fcr Bogensport in Jena geschlossen werden. Seit 2018 steht am Sportgymnasium Jena Bogensport nicht mehr zur Verf\u00fcgung. Durch unsere Trainer k\u00f6nnen wir weiterhin eine gute Ausbildung und Training sicherstellen.<br \/>\nDie neuen Mitglieder werden \u00fcber einen Anf\u00e4ngerkurs mit der Sportart vertraut gemacht. Bogenschie\u00dfen kann man in jedem Alter erlernen, jedoch setzen wir ein Mindestalter von 10 Jahren voraus, um die komplexen Abl\u00e4ufe der Schie\u00dftechnik verstehen und beherrschen zu k\u00f6nnen. Im Anf\u00e4ngerkurs, der aus 6 Trainingseinheiten besteht, werden die Grundelemente der Schie\u00dftechnik erlernt. Nach diesem Kurs sind die Teilnehmer mit dem Bewegungsablauf vertraut und k\u00f6nnen entscheiden, ob sie diesen Sport weiter aus\u00fcben wollen.<br \/>\nWeitere Details zum Kurs finden sie unter der Rubrik \u201eBogenkurs\u201c.<br \/>\nBogenschie\u00dfen ist eine faszinierende Sportart, die hohe Anspr\u00fcche an die Athleten stellt. Gleichzeitig ist es eine Sportart, die f\u00fcr jeden zug\u00e4nglich ist und auch ausgezeichnet als Familiensport betrieben werden kann. Nicht selten stehen gleich drei Generationen gemeinsam auf dem Trainings- oder Wettkampfplatz.<\/p>\n\n\t\t<\/div>\n\t<\/div>\n<\/div><\/div><\/div><\/div>\n<\/div>","protected":false},"excerpt":{"rendered":"<p>Die Abteilung Bogensport des SV GutsMuths wurde im Oktober 2009 gegr\u00fcndet und hat aktuell 60 Mitglieder (Stand 02\/20). Wir bieten Bogensport f\u00fcr alle Altersgruppen an. Das Training wird von Sandra Bodensiek-Scheiding, Alexandra Voigt, Mike Bandlow und Mario Voigt geleitet. Eine enge Zusammenarbeit mit dem Sportgymnasium, wo Junioren-Bundestrainer Viktor Bachmann und Landestrainer Steffen Jabin t\u00e4tig waren,&hellip;<\/p>\n","protected":false},"author":1,"featured_media":0,"parent":0,"menu_order":0,"comment_status":"closed","ping_status":"closed","template":"","meta":{"footnotes":""},"class_list":["post-17","page","type-page","status-publish","hentry","description-off"],"_links":{"self":[{"href":"https:\/\/www.sv-gutsmuths-jena.de\/bogenschiessen-jena\/wp-json\/wp\/v2\/pages\/17","targetHints":{"allow":["GET"]}}],"collection":[{"href":"https:\/\/www.sv-gutsmuths-jena.de\/bogenschiessen-jena\/wp-json\/wp\/v2\/pages"}],"about":[{"href":"https:\/\/www.sv-gutsmuths-jena.de\/bogenschiessen-jena\/wp-json\/wp\/v2\/types\/page"}],"author":[{"embeddable":true,"href":"https:\/\/www.sv-gutsmuths-jena.de\/bogenschiessen-jena\/wp-json\/wp\/v2\/users\/1"}],"replies":[{"embeddable":true,"href":"https:\/\/www.sv-gutsmuths-jena.de\/bogenschiessen-jena\/wp-json\/wp\/v2\/comments?post=17"}],"version-history":[{"count":0,"href":"https:\/\/www.sv-gutsmuths-jena.de\/bogenschiessen-jena\/wp-json\/wp\/v2\/pages\/17\/revisions"}],"wp:attachment":[{"href":"https:\/\/www.sv-gutsmuths-jena.de\/bogenschiessen-jena\/wp-json\/wp\/v2\/media?parent=17"}],"curies":[{"name":"wp","href":"https:\/\/api.w.org\/{rel}","templated":true}]}}