{"id":23,"date":"2016-05-10T18:47:15","date_gmt":"2016-05-10T16:47:15","guid":{"rendered":"http:\/\/www.sv-gutsmuths-jena.de\/bogenschiessen-jena\/?page_id=23"},"modified":"2016-05-18T09:57:34","modified_gmt":"2016-05-18T07:57:34","slug":"training","status":"publish","type":"page","link":"https:\/\/www.sv-gutsmuths-jena.de\/bogenschiessen-jena\/training\/","title":{"rendered":"Training"},"content":{"rendered":"<div class=\"wpb-content-wrapper\"><div class=\"vc_row wpb_row vc_row-fluid\"><div class=\"wpb_column vc_column_container vc_col-sm-12\"><div class=\"vc_column-inner\"><div class=\"wpb_wrapper\"><blockquote class=\"text-big zoomIn animate-element shortcode-blockquote\"><p style=\"text-align: center;\"><span style=\"font-size: 18pt;\">Krafttraining<\/span><\/p>\n<\/blockquote><div class=\"vc_empty_space\"   style=\"height: 20px\"><span class=\"vc_empty_space_inner\"><\/span><\/div>\n<div class=\"vc_grid-container-wrapper vc_clearfix vc_grid-animation-zoomIn\">\n\t<div class=\"vc_grid-container vc_clearfix wpb_content_element vc_masonry_media_grid vc_custom_1463558225821\" data-initial-loading-animation=\"zoomIn\" data-vc-grid-settings=\"{&quot;page_id&quot;:23,&quot;style&quot;:&quot;all-masonry&quot;,&quot;action&quot;:&quot;vc_get_vc_grid_data&quot;,&quot;shortcode_id&quot;:&quot;1463557617444-fbc28bd3-ab48-6&quot;,&quot;tag&quot;:&quot;vc_masonry_media_grid&quot;}\" data-vc-request=\"https:\/\/www.sv-gutsmuths-jena.de\/bogenschiessen-jena\/wp-admin\/admin-ajax.php\" data-vc-post-id=\"23\" data-vc-public-nonce=\"c43d39c6be\">\n\t\t\n\t<\/div>\n<\/div><div class=\"vc_empty_space\"   style=\"height: 20px\"><span class=\"vc_empty_space_inner\"><\/span><\/div><\/div><\/div><\/div><\/div><div class=\"vc_row wpb_row vc_row-fluid\"><div class=\"wpb_column vc_column_container vc_col-sm-12\"><div class=\"vc_column-inner\"><div class=\"wpb_wrapper\">\n\t<div class=\"wpb_text_column wpb_content_element \" >\n\t\t<div class=\"wpb_wrapper\">\n\t\t\t<p style=\"text-align: justify;\">Wichtig f\u00fcr jeden Bogensch\u00fctzen ist neben dem Schie\u00dftraining auch ein ausgewogenes Kraft- und Konditionstraining.\u00a0 Obligatorisch f\u00fcr jeden Sch\u00fctzen ist das Bogenziehen nach dem Training, um einem einseitigen Muskelaufbau vorzubeugen. F\u00fcr unsere Kinder und Jugendlichen f\u00fchren wir au\u00dferdem nach dem Bogentraining noch eine Einheit mit Kraft\u00fcbungen durch. Erfreulich dabei ist, dass auch immer mehr Erwachsene sich diesem Training anschlie\u00dfen. Das Krafttraining besteht aus zwei Teilen: einem Stabilisationstraining zur F\u00f6rderung der Rumpfmuskulatur und einem Ausgleichstraining f\u00fcr alle Muskelgruppen, welche wir beim Schie\u00dfen nicht ansprechen.<br \/>\nGearbeitet wird vorwiegend mit dem Eigengewicht des K\u00f6rpers. F\u00fcr einige \u00dcbungen werden auch Medizinb\u00e4lle und Terrab\u00e4nder eingesetzt.\u00a0 Und nat\u00fcrlich macht in der Gruppe einfach alles mehr Spa\u00df, wie die Bilder zeigen.<\/p>\n\n\t\t<\/div>\n\t<\/div>\n<div class=\"vc_empty_space\"   style=\"height: 20px\"><span class=\"vc_empty_space_inner\"><\/span><\/div>\n<div class=\"vc_grid-container-wrapper vc_clearfix vc_grid-animation-zoomIn\">\n\t<div class=\"vc_grid-container vc_clearfix wpb_content_element vc_masonry_media_grid vc_custom_1463558126996\" data-initial-loading-animation=\"zoomIn\" data-vc-grid-settings=\"{&quot;page_id&quot;:23,&quot;style&quot;:&quot;all-masonry&quot;,&quot;action&quot;:&quot;vc_get_vc_grid_data&quot;,&quot;shortcode_id&quot;:&quot;1463557795061-e998c48a-dc77-10&quot;,&quot;tag&quot;:&quot;vc_masonry_media_grid&quot;}\" data-vc-request=\"https:\/\/www.sv-gutsmuths-jena.de\/bogenschiessen-jena\/wp-admin\/admin-ajax.php\" data-vc-post-id=\"23\" data-vc-public-nonce=\"c43d39c6be\">\n\t\t\n\t<\/div>\n<\/div><\/div><\/div><\/div><\/div>\n<\/div>","protected":false},"excerpt":{"rendered":"<p>Krafttraining Wichtig f\u00fcr jeden Bogensch\u00fctzen ist neben dem Schie\u00dftraining auch ein ausgewogenes Kraft- und Konditionstraining.\u00a0 Obligatorisch f\u00fcr jeden Sch\u00fctzen ist das Bogenziehen nach dem Training, um einem einseitigen Muskelaufbau vorzubeugen. F\u00fcr unsere Kinder und Jugendlichen f\u00fchren wir au\u00dferdem nach dem Bogentraining noch eine Einheit mit Kraft\u00fcbungen durch. Erfreulich dabei ist, dass auch immer mehr Erwachsene&hellip;<\/p>\n","protected":false},"author":1,"featured_media":0,"parent":0,"menu_order":0,"comment_status":"closed","ping_status":"closed","template":"","meta":{"footnotes":""},"class_list":["post-23","page","type-page","status-publish","hentry","description-off"],"_links":{"self":[{"href":"https:\/\/www.sv-gutsmuths-jena.de\/bogenschiessen-jena\/wp-json\/wp\/v2\/pages\/23","targetHints":{"allow":["GET"]}}],"collection":[{"href":"https:\/\/www.sv-gutsmuths-jena.de\/bogenschiessen-jena\/wp-json\/wp\/v2\/pages"}],"about":[{"href":"https:\/\/www.sv-gutsmuths-jena.de\/bogenschiessen-jena\/wp-json\/wp\/v2\/types\/page"}],"author":[{"embeddable":true,"href":"https:\/\/www.sv-gutsmuths-jena.de\/bogenschiessen-jena\/wp-json\/wp\/v2\/users\/1"}],"replies":[{"embeddable":true,"href":"https:\/\/www.sv-gutsmuths-jena.de\/bogenschiessen-jena\/wp-json\/wp\/v2\/comments?post=23"}],"version-history":[{"count":0,"href":"https:\/\/www.sv-gutsmuths-jena.de\/bogenschiessen-jena\/wp-json\/wp\/v2\/pages\/23\/revisions"}],"wp:attachment":[{"href":"https:\/\/www.sv-gutsmuths-jena.de\/bogenschiessen-jena\/wp-json\/wp\/v2\/media?parent=23"}],"curies":[{"name":"wp","href":"https:\/\/api.w.org\/{rel}","templated":true}]}}